{"id":13084,"date":"2019-12-20T09:38:50","date_gmt":"2019-12-20T09:38:50","guid":{"rendered":"https:\/\/stage.sugamantours.com\/?page_id=13084"},"modified":"2020-11-02T13:48:18","modified_gmt":"2020-11-02T13:48:18","slug":"carrieres","status":"publish","type":"page","link":"https:\/\/www.sugamantours.com\/fr\/qui-sommes-nous\/carrieres\/","title":{"rendered":"Carrieres"},"content":{"rendered":"[vc_row overlay_color_opacity=&#8221;50&#8243; overlay_pattern_opacity=&#8221;50&#8243; css=&#8221;.vc_custom_1428579863152{margin-top: 0px !important;}&#8221;][vc_column css=&#8221;.vc_custom_1429473141546{margin-top: 0px !important;}&#8221;][vc_column_text]\n<h2 align=\"justify\">FAITES PARTIE DE L\u2019EQUIPE \u0160UGAMAN \u2013 ON VOUS VEUT BORD!<\/h2>\n[\/vc_column_text][vc_row_inner css=&#8221;.vc_custom_1428580007019{margin-right: 0px !important;margin-left: 0px !important;border-top-width: 0px !important;border-right-width: 0px !important;border-bottom-width: 0px !important;border-left-width: 0px !important;padding-right: 16px !important;border-left-color: #1a3281 !important;border-left-style: solid !important;border-right-color: #1a3281 !important;border-right-style: solid !important;border-top-color: #1a3281 !important;border-top-style: solid !important;border-bottom-color: #1a3281 !important;border-bottom-style: solid !important;}&#8221;][vc_column_inner css=&#8221;.vc_custom_1425976141732{margin-left: -10px !important;}&#8221;][vc_column_text]Vous aimez travailler avec les personnes et offrir un excellent service client\u00e8le\u00a0?<\/p>\n<p>Pouvez-vous travailler en \u00e9quipe et \u00eates-vous tr\u00e8s motiv\u00e9s\u00a0?<\/p>\n<p>Nous voudrions vous offrir la chance de d\u00e9velopper votre carri\u00e8re. Les efforts sont plus que reconnus ici, ils sont r\u00e9compens\u00e9s\u00a0! Une excellente \u00e9quipe est la cl\u00e9 de notre succ\u00e8s et nous sommes d\u00e9di\u00e9s \u00e0 aider les membres de notre \u00e9quipe \u00e0 se d\u00e9velopper et apprendre.<\/p>\n<p><strong>Partagez nos valeurs <\/strong><\/p>\n<p>L\u2019\u00e9quipe \u0160ugaman est comme une famille, il est important de partager nos valeurs\u00a0: int\u00e9grit\u00e9, fiabilit\u00e9, enthousiasme et un engagement ind\u00e9fectible dans la qualit\u00e9 du service client.[\/vc_column_text][\/vc_column_inner][\/vc_row_inner][\/vc_column][\/vc_row][vc_row css=&#8221;.vc_custom_1604324841498{padding-top: 40px !important;padding-bottom: 60px !important;}&#8221;][vc_column][\/vc_column][\/vc_row]\n<div style=\"padding-bottom:20px; padding-top:10px;\" class=\"hupso-share-buttons\"><!-- Hupso Share Buttons - https:\/\/www.hupso.com\/share\/ --><a class=\"hupso_toolbar\" href=\"https:\/\/www.hupso.com\/share\/\"><img src=\"https:\/\/static.hupso.com\/share\/buttons\/dot.png\" style=\"border:0px; padding-top: 5px; float:left;\" alt=\"Share Button\"\/><\/a><script type=\"text\/javascript\">var hupso_services_t=new Array(\"Twitter\",\"Facebook\",\"Google Plus\",\"Pinterest\");var hupso_background_t=\"#EAF4FF\";var hupso_border_t=\"#66CCFF\";var hupso_toolbar_size_t=\"medium\";var hupso_image_folder_url = \"\";var hupso_twitter_via=\"SugamanTours\";var hupso_url_t=\"\";var hupso_title_t=\"Carrieres\";<\/script><script type=\"text\/javascript\" src=\"https:\/\/static.hupso.com\/share\/js\/share_toolbar.js\"><\/script><!-- Hupso Share Buttons --><\/div>","protected":false},"excerpt":{"rendered":"<p>[vc_row overlay_color_opacity=&#8221;50&#8243; overlay_pattern_opacity=&#8221;50&#8243; css=&#8221;.vc_custom_1428579863152{margin-top: 0px !important;}&#8221;][vc_column css=&#8221;.vc_custom_1429473141546{margin-top: 0px !important;}&#8221;][vc_column_text] FAITES PARTIE DE L\u2019EQUIPE \u0160UGAMAN \u2013 ON VOUS VEUT BORD! [\/vc_column_text][vc_row_inner css=&#8221;.vc_custom_1428580007019{margin-right: 0px !important;margin-left: 0px !important;border-top-width: 0px !important;border-right-width: 0px !important;border-bottom-width: 0px !important;border-left-width: 0px !important;padding-right: 16px !important;border-left-color: #1a3281 !important;border-left-style: solid !important;border-right-color: #1a3281 !important;border-right-style: solid !important;border-top-color: #1a3281 !important;border-top-style: solid !important;border-bottom-color: #1a3281 !important;border-bottom-style: solid !important;}&#8221;][vc_column_inner css=&#8221;.vc_custom_1425976141732{margin-left: -10px !important;}&#8221;][vc_column_text]Vous aimez&#8230;<\/p>\n","protected":false},"author":1,"featured_media":0,"parent":13082,"menu_order":0,"comment_status":"closed","ping_status":"closed","template":"template-fullwidth.php","meta":[],"acf":[],"yoast_head":"<!-- This site is optimized with the Yoast SEO plugin v18.5.1 - https:\/\/yoast.com\/wordpress\/plugins\/seo\/ -->\n<title>Carrieres - Sugaman Tours<\/title>\n<meta name=\"robots\" content=\"index, follow, max-snippet:-1, max-image-preview:large, max-video-preview:-1\" \/>\n<link rel=\"canonical\" href=\"https:\/\/www.sugamantours.com\/fr\/qui-sommes-nous\/carrieres\/\" \/>\n<meta property=\"og:locale\" content=\"fr_FR\" \/>\n<meta property=\"og:type\" content=\"article\" \/>\n<meta property=\"og:title\" content=\"Carrieres - Sugaman Tours\" \/>\n<meta property=\"og:description\" content=\"[vc_row overlay_color_opacity=&#8221;50&#8243; overlay_pattern_opacity=&#8221;50&#8243; css=&#8221;.vc_custom_1428579863152{margin-top: 0px !important;}&#8221;][vc_column css=&#8221;.vc_custom_1429473141546{margin-top: 0px !important;}&#8221;][vc_column_text] FAITES PARTIE DE L\u2019EQUIPE \u0160UGAMAN \u2013 ON VOUS VEUT BORD! [\/vc_column_text][vc_row_inner css=&#8221;.vc_custom_1428580007019{margin-right: 0px !important;margin-left: 0px !important;border-top-width: 0px !important;border-right-width: 0px !important;border-bottom-width: 0px !important;border-left-width: 0px !important;padding-right: 16px !important;border-left-color: #1a3281 !important;border-left-style: solid !important;border-right-color: #1a3281 !important;border-right-style: solid !important;border-top-color: #1a3281 !important;border-top-style: solid !important;border-bottom-color: #1a3281 !important;border-bottom-style: solid !important;}&#8221;][vc_column_inner css=&#8221;.vc_custom_1425976141732{margin-left: -10px !important;}&#8221;][vc_column_text]Vous aimez...\" \/>\n<meta property=\"og:url\" content=\"https:\/\/www.sugamantours.com\/fr\/qui-sommes-nous\/carrieres\/\" \/>\n<meta property=\"og:site_name\" content=\"Sugaman Tours\" \/>\n<meta property=\"article:publisher\" content=\"https:\/\/www.facebook.com\/pages\/Sugaman-Tours\/120200128150707\" \/>\n<meta property=\"article:modified_time\" content=\"2020-11-02T13:48:18+00:00\" \/>\n<meta name=\"twitter:card\" content=\"summary\" \/>\n<meta name=\"twitter:site\" content=\"@SugamanTours\" \/>\n<meta name=\"twitter:label1\" content=\"Dur\u00e9e de lecture estim\u00e9e\" \/>\n\t<meta name=\"twitter:data1\" content=\"1 minute\" \/>\n<script type=\"application\/ld+json\" class=\"yoast-schema-graph\">{\"@context\":\"https:\/\/schema.org\",\"@graph\":[{\"@type\":\"Organization\",\"@id\":\"https:\/\/www.sugamantours.com\/#organization\",\"name\":\"Sugaman Tours\",\"url\":\"https:\/\/www.sugamantours.com\/\",\"sameAs\":[\"https:\/\/www.facebook.com\/pages\/Sugaman-Tours\/120200128150707\",\"http:\/\/instagram.com\/sugaman.tours\",\"https:\/\/www.youtube.com\/channel\/UC_PikWYg8jMLdhlG8ykTxkg\",\"https:\/\/www.pinterest.com\/sugamantours\/\",\"https:\/\/twitter.com\/SugamanTours\"],\"logo\":{\"@type\":\"ImageObject\",\"@id\":\"https:\/\/www.sugamantours.com\/#logo\",\"inLanguage\":\"fr-FR\",\"url\":\"https:\/\/www.sugamantours.com\/wp-content\/uploads\/2014\/10\/stours-logo-web-dark.png\",\"contentUrl\":\"https:\/\/www.sugamantours.com\/wp-content\/uploads\/2014\/10\/stours-logo-web-dark.png\",\"width\":179,\"height\":60,\"caption\":\"Sugaman Tours\"},\"image\":{\"@id\":\"https:\/\/www.sugamantours.com\/#logo\"}},{\"@type\":\"WebSite\",\"@id\":\"https:\/\/www.sugamantours.com\/#website\",\"url\":\"https:\/\/www.sugamantours.com\/\",\"name\":\"Sugaman Tours\",\"description\":\"Sea excursions, island tours and speedboat transfers\",\"publisher\":{\"@id\":\"https:\/\/www.sugamantours.com\/#organization\"},\"potentialAction\":[{\"@type\":\"SearchAction\",\"target\":{\"@type\":\"EntryPoint\",\"urlTemplate\":\"https:\/\/www.sugamantours.com\/?s={search_term_string}\"},\"query-input\":\"required name=search_term_string\"}],\"inLanguage\":\"fr-FR\"},{\"@type\":\"WebPage\",\"@id\":\"https:\/\/www.sugamantours.com\/fr\/qui-sommes-nous\/carrieres\/#webpage\",\"url\":\"https:\/\/www.sugamantours.com\/fr\/qui-sommes-nous\/carrieres\/\",\"name\":\"Carrieres - Sugaman Tours\",\"isPartOf\":{\"@id\":\"https:\/\/www.sugamantours.com\/#website\"},\"datePublished\":\"2019-12-20T09:38:50+00:00\",\"dateModified\":\"2020-11-02T13:48:18+00:00\",\"breadcrumb\":{\"@id\":\"https:\/\/www.sugamantours.com\/fr\/qui-sommes-nous\/carrieres\/#breadcrumb\"},\"inLanguage\":\"fr-FR\",\"potentialAction\":[{\"@type\":\"ReadAction\",\"target\":[\"https:\/\/www.sugamantours.com\/fr\/qui-sommes-nous\/carrieres\/\"]}]},{\"@type\":\"BreadcrumbList\",\"@id\":\"https:\/\/www.sugamantours.com\/fr\/qui-sommes-nous\/carrieres\/#breadcrumb\",\"itemListElement\":[{\"@type\":\"ListItem\",\"position\":1,\"name\":\"Home\",\"item\":\"https:\/\/www.sugamantours.com\/fr\/\"},{\"@type\":\"ListItem\",\"position\":2,\"name\":\"Qui Sommes-Nous\",\"item\":\"https:\/\/www.sugamantours.com\/fr\/qui-sommes-nous\/\"},{\"@type\":\"ListItem\",\"position\":3,\"name\":\"Carrieres\"}]}]}<\/script>\n<!-- \/ Yoast SEO plugin. -->","yoast_head_json":{"title":"Carrieres - Sugaman Tours","robots":{"index":"index","follow":"follow","max-snippet":"max-snippet:-1","max-image-preview":"max-image-preview:large","max-video-preview":"max-video-preview:-1"},"canonical":"https:\/\/www.sugamantours.com\/fr\/qui-sommes-nous\/carrieres\/","og_locale":"fr_FR","og_type":"article","og_title":"Carrieres - Sugaman Tours","og_description":"[vc_row overlay_color_opacity=&#8221;50&#8243; overlay_pattern_opacity=&#8221;50&#8243; css=&#8221;.vc_custom_1428579863152{margin-top: 0px !important;}&#8221;][vc_column css=&#8221;.vc_custom_1429473141546{margin-top: 0px !important;}&#8221;][vc_column_text] FAITES PARTIE DE L\u2019EQUIPE \u0160UGAMAN \u2013 ON VOUS VEUT BORD! [\/vc_column_text][vc_row_inner css=&#8221;.vc_custom_1428580007019{margin-right: 0px !important;margin-left: 0px !important;border-top-width: 0px !important;border-right-width: 0px !important;border-bottom-width: 0px !important;border-left-width: 0px !important;padding-right: 16px !important;border-left-color: #1a3281 !important;border-left-style: solid !important;border-right-color: #1a3281 !important;border-right-style: solid !important;border-top-color: #1a3281 !important;border-top-style: solid !important;border-bottom-color: #1a3281 !important;border-bottom-style: solid !important;}&#8221;][vc_column_inner css=&#8221;.vc_custom_1425976141732{margin-left: -10px !important;}&#8221;][vc_column_text]Vous aimez...","og_url":"https:\/\/www.sugamantours.com\/fr\/qui-sommes-nous\/carrieres\/","og_site_name":"Sugaman Tours","article_publisher":"https:\/\/www.facebook.com\/pages\/Sugaman-Tours\/120200128150707","article_modified_time":"2020-11-02T13:48:18+00:00","twitter_card":"summary","twitter_site":"@SugamanTours","twitter_misc":{"Dur\u00e9e de lecture estim\u00e9e":"1 minute"},"schema":{"@context":"https:\/\/schema.org","@graph":[{"@type":"Organization","@id":"https:\/\/www.sugamantours.com\/#organization","name":"Sugaman Tours","url":"https:\/\/www.sugamantours.com\/","sameAs":["https:\/\/www.facebook.com\/pages\/Sugaman-Tours\/120200128150707","http:\/\/instagram.com\/sugaman.tours","https:\/\/www.youtube.com\/channel\/UC_PikWYg8jMLdhlG8ykTxkg","https:\/\/www.pinterest.com\/sugamantours\/","https:\/\/twitter.com\/SugamanTours"],"logo":{"@type":"ImageObject","@id":"https:\/\/www.sugamantours.com\/#logo","inLanguage":"fr-FR","url":"https:\/\/www.sugamantours.com\/wp-content\/uploads\/2014\/10\/stours-logo-web-dark.png","contentUrl":"https:\/\/www.sugamantours.com\/wp-content\/uploads\/2014\/10\/stours-logo-web-dark.png","width":179,"height":60,"caption":"Sugaman Tours"},"image":{"@id":"https:\/\/www.sugamantours.com\/#logo"}},{"@type":"WebSite","@id":"https:\/\/www.sugamantours.com\/#website","url":"https:\/\/www.sugamantours.com\/","name":"Sugaman Tours","description":"Sea excursions, island tours and speedboat transfers","publisher":{"@id":"https:\/\/www.sugamantours.com\/#organization"},"potentialAction":[{"@type":"SearchAction","target":{"@type":"EntryPoint","urlTemplate":"https:\/\/www.sugamantours.com\/?s={search_term_string}"},"query-input":"required name=search_term_string"}],"inLanguage":"fr-FR"},{"@type":"WebPage","@id":"https:\/\/www.sugamantours.com\/fr\/qui-sommes-nous\/carrieres\/#webpage","url":"https:\/\/www.sugamantours.com\/fr\/qui-sommes-nous\/carrieres\/","name":"Carrieres - Sugaman Tours","isPartOf":{"@id":"https:\/\/www.sugamantours.com\/#website"},"datePublished":"2019-12-20T09:38:50+00:00","dateModified":"2020-11-02T13:48:18+00:00","breadcrumb":{"@id":"https:\/\/www.sugamantours.com\/fr\/qui-sommes-nous\/carrieres\/#breadcrumb"},"inLanguage":"fr-FR","potentialAction":[{"@type":"ReadAction","target":["https:\/\/www.sugamantours.com\/fr\/qui-sommes-nous\/carrieres\/"]}]},{"@type":"BreadcrumbList","@id":"https:\/\/www.sugamantours.com\/fr\/qui-sommes-nous\/carrieres\/#breadcrumb","itemListElement":[{"@type":"ListItem","position":1,"name":"Home","item":"https:\/\/www.sugamantours.com\/fr\/"},{"@type":"ListItem","position":2,"name":"Qui Sommes-Nous","item":"https:\/\/www.sugamantours.com\/fr\/qui-sommes-nous\/"},{"@type":"ListItem","position":3,"name":"Carrieres"}]}]}},"_links":{"self":[{"href":"https:\/\/www.sugamantours.com\/fr\/wp-json\/wp\/v2\/pages\/13084"}],"collection":[{"href":"https:\/\/www.sugamantours.com\/fr\/wp-json\/wp\/v2\/pages"}],"about":[{"href":"https:\/\/www.sugamantours.com\/fr\/wp-json\/wp\/v2\/types\/page"}],"author":[{"embeddable":true,"href":"https:\/\/www.sugamantours.com\/fr\/wp-json\/wp\/v2\/users\/1"}],"replies":[{"embeddable":true,"href":"https:\/\/www.sugamantours.com\/fr\/wp-json\/wp\/v2\/comments?post=13084"}],"version-history":[{"count":3,"href":"https:\/\/www.sugamantours.com\/fr\/wp-json\/wp\/v2\/pages\/13084\/revisions"}],"predecessor-version":[{"id":14835,"href":"https:\/\/www.sugamantours.com\/fr\/wp-json\/wp\/v2\/pages\/13084\/revisions\/14835"}],"up":[{"embeddable":true,"href":"https:\/\/www.sugamantours.com\/fr\/wp-json\/wp\/v2\/pages\/13082"}],"wp:attachment":[{"href":"https:\/\/www.sugamantours.com\/fr\/wp-json\/wp\/v2\/media?parent=13084"}],"curies":[{"name":"wp","href":"https:\/\/api.w.org\/{rel}","templated":true}]}}