{"id":13086,"date":"2019-12-20T09:40:35","date_gmt":"2019-12-20T09:40:35","guid":{"rendered":"https:\/\/stage.sugamantours.com\/?page_id=13086"},"modified":"2020-11-02T13:50:03","modified_gmt":"2020-11-02T13:50:03","slug":"comment-nous-trouver","status":"publish","type":"page","link":"https:\/\/www.sugamantours.com\/fr\/qui-sommes-nous\/comment-nous-trouver\/","title":{"rendered":"Comment Nous Trouver"},"content":{"rendered":"[vc_row][vc_column width=&#8221;1\/2&#8243;][vc_column_text]\n<h2 align=\"justify\">ADRESSE<\/h2>\n<p align=\"justify\"><a title=\"Get directions\" href=\"https:\/\/www.google.com\/maps\/dir\/\/43.508173,16.439102\/@43.507905,16.439048,17z?hl=en-US\" target=\"_blank\" rel=\"noopener noreferrer\"><strong>Dosud 4<\/strong><\/a><br \/>\n<span style=\"text-decoration: underline;\">+385 (21)344 085<\/span><\/p>\n<h1 align=\"justify\">COMMENT NOUS TROUVER<\/h1>\n<p>Nous sommes situ\u00e9s \u00e0 l\u2019int\u00e9rieur des murs du Palais Diocl\u00e9tien, rue Dosud 4 (en face l\u2019Hotel Slavija, en haut des escaliers situ\u00e9s devant le Sfinga restaurant)<\/p>\n<h2 align=\"justify\"><b>EN BUS<\/b><\/h2>\n<p>Peu importe la direction d\u2019o\u00f9 vous venez, prenez les bus n\u00b0 2, 3, 5, 8, 9, 10, 11, 14, 15, 17, 18, ou 60 qui s\u2019arr\u00eatent \u00e0 Tr\u017enica (march\u00e9 \u2013 green market). Quand vous sortirez du bus, dirigez-vous vers le sud vers la mer, ensuite tournez \u00e0 droite (vers l\u2019ouest) et marchez 5 minutes jusqu\u2019\u00e0 notre point de vente et notre point de rendez-vous sur la promenade.<\/p>\n<p align=\"justify\"><span style=\"color: #1a3281;\">ici, <a style=\"color: #1a3281;\" title=\"carte des bus\" href=\"http:\/\/www.promet-split.hr\/sadrzaj\/linije\/mreza_zoom8.html\" target=\"_blank\" rel=\"noopener noreferrer\">carte des bus<\/a><\/span><\/p>\n<h2 align=\"justify\"><b>EN VOITURE<\/b><\/h2>\n<p align=\"justify\"><strong>Information parking <\/strong><\/p>\n<p>Juillet et Ao\u00fbt sont des mois tr\u00e8s charg\u00e9s, nous vous recommandons de vous renseigner sur la disponibilit\u00e9 des parkings, et de consid\u00e9rer le temps dont vous aurez besoin pour vous rendre du parking au point de rendez-vous.<\/p>\n<p align=\"justify\"><strong>Parkings et stationnement les plus proches:<\/strong><\/p>\n<table border=\"0\" width=\"100%\" cellspacing=\"0\">\n<tbody>\n<tr>\n<td align=\"right\" width=\"1%\"><span style=\"color: #666666;\">\u2022<\/span><\/td>\n<td width=\"99%\"><span style=\"color: #666666;\">Obala Hrvatskog narodnog preporoda 27-Riva (prix : 1\u00e8re heure 10 kuna, chaque heure suivante 15 kuna)<\/span><\/td>\n<\/tr>\n<tr>\n<td align=\"right\" width=\"1%\"><span style=\"color: #666666;\">\u2022<\/span><\/td>\n<td width=\"99%\"><span style=\"color: #666666;\">Vukovarska 1 \u2013 au d\u00e9but de la rue de Vukovarska, premi\u00e8re \u00e0 droite (7 kuna par heure)<\/span><\/td>\n<\/tr>\n<tr>\n<td align=\"right\" width=\"1%\"><span style=\"color: #666666;\">\u2022<\/span><\/td>\n<td width=\"99%\"><span style=\"color: #666666;\">Trumbi\u0107eva obala (prix d\u2019un ticket d\u2019une journ\u00e9e : 75 kuna)<\/span><\/td>\n<\/tr>\n<tr>\n<td align=\"right\" width=\"1%\"><span style=\"color: #666666;\">\u2022<\/span><\/td>\n<td width=\"99%\"><span style=\"color: #666666;\">Sva\u010di\u0107eva ulica (prix : 7 kuna par heure)<\/span><\/td>\n<\/tr>\n<\/tbody>\n<\/table>\n<p>Il y a aussi beaucoup de place de stationnement derri\u00e8re la gare ferroviaire, \u00e0 proximit\u00e9 du terminal de ferry.<\/p>\n<p align=\"justify\"><span style=\"color: #1a3281;\"><a style=\"color: #1a3281;\" title=\"carte des parkings\" href=\"https:\/\/www.google.com\/maps\/d\/viewer?oe=UTF8&amp;t=m&amp;ie=UTF8&amp;msa=0&amp;mid=zcIf0oQH9RkQ.kldK0AhcUFTs\" target=\"_blank\" rel=\"noopener noreferrer\">carte des parkings<\/a> \u00e0 proximit\u00e9<\/span><\/p>\n[\/vc_column_text][\/vc_column][vc_column width=&#8221;1\/2&#8243; css=&#8221;.vc_custom_1428091386226{margin-top: 20px !important;}&#8221;][vc_gmaps link=&#8221;#E-8_JTNDaWZyYW1lJTIwc3R5bGUlM0QlMjJib3JkZXIlM0ElMjAwJTNCJTIyJTIwc3JjJTNEJTIyaHR0cHMlM0ElMkYlMkZ3d3cuZ29vZ2xlLmNvbSUyRm1hcHMlMkZlbWJlZCUyRnYxJTJGcGxhY2UlM0ZxJTNEU3VnYW1hbiUyNTIwVG91cnMlMjUyQyUyNTIwRG9zdWQlMjUyMHVsaWNhJTI1MkMlMjUyMFNwbGl0JTI1MkMlMjUyMENyb2F0aWElMjZhbXAlM0JrZXklM0RBSXphU3lDUDI4dlktZTdxb0hNa3VkSS1ibUpVMzNQclZraGFMWjAlMjIlMjB3aWR0aCUzRCUyMjYwMCUyMiUyMGhlaWdodCUzRCUyMjgwMCUyMiUyMGZyYW1lYm9yZGVyJTNEJTIyMCUyMiUzRSUzQyUyRmlmcmFtZSUzRQ==&#8221; size=&#8221;800&#8243;][\/vc_column][\/vc_row]\n<div style=\"padding-bottom:20px; padding-top:10px;\" class=\"hupso-share-buttons\"><!-- Hupso Share Buttons - https:\/\/www.hupso.com\/share\/ --><a class=\"hupso_toolbar\" href=\"https:\/\/www.hupso.com\/share\/\"><img src=\"https:\/\/static.hupso.com\/share\/buttons\/dot.png\" style=\"border:0px; padding-top: 5px; float:left;\" alt=\"Share Button\"\/><\/a><script type=\"text\/javascript\">var hupso_services_t=new Array(\"Twitter\",\"Facebook\",\"Google Plus\",\"Pinterest\");var hupso_background_t=\"#EAF4FF\";var hupso_border_t=\"#66CCFF\";var hupso_toolbar_size_t=\"medium\";var hupso_image_folder_url = \"\";var hupso_twitter_via=\"SugamanTours\";var hupso_url_t=\"\";var hupso_title_t=\"Comment%20Nous%20Trouver\";<\/script><script type=\"text\/javascript\" src=\"https:\/\/static.hupso.com\/share\/js\/share_toolbar.js\"><\/script><!-- Hupso Share Buttons --><\/div>","protected":false},"excerpt":{"rendered":"<p>[vc_row][vc_column width=&#8221;1\/2&#8243;][vc_column_text] ADRESSE Dosud 4 +385 (21)344 085 COMMENT NOUS TROUVER Nous sommes situ\u00e9s \u00e0 l\u2019int\u00e9rieur des murs du Palais Diocl\u00e9tien, rue Dosud 4 (en face l\u2019Hotel Slavija, en haut des escaliers situ\u00e9s devant le Sfinga restaurant) EN BUS Peu importe la direction d\u2019o\u00f9 vous venez, prenez les bus n\u00b0 2, 3, 5, 8, 9,&#8230;<\/p>\n","protected":false},"author":1,"featured_media":0,"parent":13082,"menu_order":0,"comment_status":"closed","ping_status":"closed","template":"template-fullwidth.php","meta":[],"acf":[],"yoast_head":"<!-- This site is optimized with the Yoast SEO plugin v18.5.1 - https:\/\/yoast.com\/wordpress\/plugins\/seo\/ -->\n<title>Comment Nous Trouver - Sugaman Tours<\/title>\n<meta name=\"robots\" content=\"index, follow, max-snippet:-1, max-image-preview:large, max-video-preview:-1\" \/>\n<link rel=\"canonical\" href=\"https:\/\/www.sugamantours.com\/fr\/qui-sommes-nous\/comment-nous-trouver\/\" \/>\n<meta property=\"og:locale\" content=\"fr_FR\" \/>\n<meta property=\"og:type\" content=\"article\" \/>\n<meta property=\"og:title\" content=\"Comment Nous Trouver - Sugaman Tours\" \/>\n<meta property=\"og:description\" content=\"[vc_row][vc_column width=&#8221;1\/2&#8243;][vc_column_text] ADRESSE Dosud 4 +385 (21)344 085 COMMENT NOUS TROUVER Nous sommes situ\u00e9s \u00e0 l\u2019int\u00e9rieur des murs du Palais Diocl\u00e9tien, rue Dosud 4 (en face l\u2019Hotel Slavija, en haut des escaliers situ\u00e9s devant le Sfinga restaurant) EN BUS Peu importe la direction d\u2019o\u00f9 vous venez, prenez les bus n\u00b0 2, 3, 5, 8, 9,...\" \/>\n<meta property=\"og:url\" content=\"https:\/\/www.sugamantours.com\/fr\/qui-sommes-nous\/comment-nous-trouver\/\" \/>\n<meta property=\"og:site_name\" content=\"Sugaman Tours\" \/>\n<meta property=\"article:publisher\" content=\"https:\/\/www.facebook.com\/pages\/Sugaman-Tours\/120200128150707\" \/>\n<meta property=\"article:modified_time\" content=\"2020-11-02T13:50:03+00:00\" \/>\n<meta name=\"twitter:card\" content=\"summary\" \/>\n<meta name=\"twitter:site\" content=\"@SugamanTours\" \/>\n<meta name=\"twitter:label1\" content=\"Dur\u00e9e de lecture estim\u00e9e\" \/>\n\t<meta name=\"twitter:data1\" content=\"1 minute\" \/>\n<script type=\"application\/ld+json\" class=\"yoast-schema-graph\">{\"@context\":\"https:\/\/schema.org\",\"@graph\":[{\"@type\":\"Organization\",\"@id\":\"https:\/\/www.sugamantours.com\/#organization\",\"name\":\"Sugaman Tours\",\"url\":\"https:\/\/www.sugamantours.com\/\",\"sameAs\":[\"https:\/\/www.facebook.com\/pages\/Sugaman-Tours\/120200128150707\",\"http:\/\/instagram.com\/sugaman.tours\",\"https:\/\/www.youtube.com\/channel\/UC_PikWYg8jMLdhlG8ykTxkg\",\"https:\/\/www.pinterest.com\/sugamantours\/\",\"https:\/\/twitter.com\/SugamanTours\"],\"logo\":{\"@type\":\"ImageObject\",\"@id\":\"https:\/\/www.sugamantours.com\/#logo\",\"inLanguage\":\"fr-FR\",\"url\":\"https:\/\/www.sugamantours.com\/wp-content\/uploads\/2014\/10\/stours-logo-web-dark.png\",\"contentUrl\":\"https:\/\/www.sugamantours.com\/wp-content\/uploads\/2014\/10\/stours-logo-web-dark.png\",\"width\":179,\"height\":60,\"caption\":\"Sugaman Tours\"},\"image\":{\"@id\":\"https:\/\/www.sugamantours.com\/#logo\"}},{\"@type\":\"WebSite\",\"@id\":\"https:\/\/www.sugamantours.com\/#website\",\"url\":\"https:\/\/www.sugamantours.com\/\",\"name\":\"Sugaman Tours\",\"description\":\"Sea excursions, island tours and speedboat transfers\",\"publisher\":{\"@id\":\"https:\/\/www.sugamantours.com\/#organization\"},\"potentialAction\":[{\"@type\":\"SearchAction\",\"target\":{\"@type\":\"EntryPoint\",\"urlTemplate\":\"https:\/\/www.sugamantours.com\/?s={search_term_string}\"},\"query-input\":\"required name=search_term_string\"}],\"inLanguage\":\"fr-FR\"},{\"@type\":\"WebPage\",\"@id\":\"https:\/\/www.sugamantours.com\/fr\/qui-sommes-nous\/comment-nous-trouver\/#webpage\",\"url\":\"https:\/\/www.sugamantours.com\/fr\/qui-sommes-nous\/comment-nous-trouver\/\",\"name\":\"Comment Nous Trouver - Sugaman Tours\",\"isPartOf\":{\"@id\":\"https:\/\/www.sugamantours.com\/#website\"},\"datePublished\":\"2019-12-20T09:40:35+00:00\",\"dateModified\":\"2020-11-02T13:50:03+00:00\",\"breadcrumb\":{\"@id\":\"https:\/\/www.sugamantours.com\/fr\/qui-sommes-nous\/comment-nous-trouver\/#breadcrumb\"},\"inLanguage\":\"fr-FR\",\"potentialAction\":[{\"@type\":\"ReadAction\",\"target\":[\"https:\/\/www.sugamantours.com\/fr\/qui-sommes-nous\/comment-nous-trouver\/\"]}]},{\"@type\":\"BreadcrumbList\",\"@id\":\"https:\/\/www.sugamantours.com\/fr\/qui-sommes-nous\/comment-nous-trouver\/#breadcrumb\",\"itemListElement\":[{\"@type\":\"ListItem\",\"position\":1,\"name\":\"Home\",\"item\":\"https:\/\/www.sugamantours.com\/fr\/\"},{\"@type\":\"ListItem\",\"position\":2,\"name\":\"Qui Sommes-Nous\",\"item\":\"https:\/\/www.sugamantours.com\/fr\/qui-sommes-nous\/\"},{\"@type\":\"ListItem\",\"position\":3,\"name\":\"Comment Nous Trouver\"}]}]}<\/script>\n<!-- \/ Yoast SEO plugin. -->","yoast_head_json":{"title":"Comment Nous Trouver - Sugaman Tours","robots":{"index":"index","follow":"follow","max-snippet":"max-snippet:-1","max-image-preview":"max-image-preview:large","max-video-preview":"max-video-preview:-1"},"canonical":"https:\/\/www.sugamantours.com\/fr\/qui-sommes-nous\/comment-nous-trouver\/","og_locale":"fr_FR","og_type":"article","og_title":"Comment Nous Trouver - Sugaman Tours","og_description":"[vc_row][vc_column width=&#8221;1\/2&#8243;][vc_column_text] ADRESSE Dosud 4 +385 (21)344 085 COMMENT NOUS TROUVER Nous sommes situ\u00e9s \u00e0 l\u2019int\u00e9rieur des murs du Palais Diocl\u00e9tien, rue Dosud 4 (en face l\u2019Hotel Slavija, en haut des escaliers situ\u00e9s devant le Sfinga restaurant) EN BUS Peu importe la direction d\u2019o\u00f9 vous venez, prenez les bus n\u00b0 2, 3, 5, 8, 9,...","og_url":"https:\/\/www.sugamantours.com\/fr\/qui-sommes-nous\/comment-nous-trouver\/","og_site_name":"Sugaman Tours","article_publisher":"https:\/\/www.facebook.com\/pages\/Sugaman-Tours\/120200128150707","article_modified_time":"2020-11-02T13:50:03+00:00","twitter_card":"summary","twitter_site":"@SugamanTours","twitter_misc":{"Dur\u00e9e de lecture estim\u00e9e":"1 minute"},"schema":{"@context":"https:\/\/schema.org","@graph":[{"@type":"Organization","@id":"https:\/\/www.sugamantours.com\/#organization","name":"Sugaman Tours","url":"https:\/\/www.sugamantours.com\/","sameAs":["https:\/\/www.facebook.com\/pages\/Sugaman-Tours\/120200128150707","http:\/\/instagram.com\/sugaman.tours","https:\/\/www.youtube.com\/channel\/UC_PikWYg8jMLdhlG8ykTxkg","https:\/\/www.pinterest.com\/sugamantours\/","https:\/\/twitter.com\/SugamanTours"],"logo":{"@type":"ImageObject","@id":"https:\/\/www.sugamantours.com\/#logo","inLanguage":"fr-FR","url":"https:\/\/www.sugamantours.com\/wp-content\/uploads\/2014\/10\/stours-logo-web-dark.png","contentUrl":"https:\/\/www.sugamantours.com\/wp-content\/uploads\/2014\/10\/stours-logo-web-dark.png","width":179,"height":60,"caption":"Sugaman Tours"},"image":{"@id":"https:\/\/www.sugamantours.com\/#logo"}},{"@type":"WebSite","@id":"https:\/\/www.sugamantours.com\/#website","url":"https:\/\/www.sugamantours.com\/","name":"Sugaman Tours","description":"Sea excursions, island tours and speedboat transfers","publisher":{"@id":"https:\/\/www.sugamantours.com\/#organization"},"potentialAction":[{"@type":"SearchAction","target":{"@type":"EntryPoint","urlTemplate":"https:\/\/www.sugamantours.com\/?s={search_term_string}"},"query-input":"required name=search_term_string"}],"inLanguage":"fr-FR"},{"@type":"WebPage","@id":"https:\/\/www.sugamantours.com\/fr\/qui-sommes-nous\/comment-nous-trouver\/#webpage","url":"https:\/\/www.sugamantours.com\/fr\/qui-sommes-nous\/comment-nous-trouver\/","name":"Comment Nous Trouver - Sugaman Tours","isPartOf":{"@id":"https:\/\/www.sugamantours.com\/#website"},"datePublished":"2019-12-20T09:40:35+00:00","dateModified":"2020-11-02T13:50:03+00:00","breadcrumb":{"@id":"https:\/\/www.sugamantours.com\/fr\/qui-sommes-nous\/comment-nous-trouver\/#breadcrumb"},"inLanguage":"fr-FR","potentialAction":[{"@type":"ReadAction","target":["https:\/\/www.sugamantours.com\/fr\/qui-sommes-nous\/comment-nous-trouver\/"]}]},{"@type":"BreadcrumbList","@id":"https:\/\/www.sugamantours.com\/fr\/qui-sommes-nous\/comment-nous-trouver\/#breadcrumb","itemListElement":[{"@type":"ListItem","position":1,"name":"Home","item":"https:\/\/www.sugamantours.com\/fr\/"},{"@type":"ListItem","position":2,"name":"Qui Sommes-Nous","item":"https:\/\/www.sugamantours.com\/fr\/qui-sommes-nous\/"},{"@type":"ListItem","position":3,"name":"Comment Nous Trouver"}]}]}},"_links":{"self":[{"href":"https:\/\/www.sugamantours.com\/fr\/wp-json\/wp\/v2\/pages\/13086"}],"collection":[{"href":"https:\/\/www.sugamantours.com\/fr\/wp-json\/wp\/v2\/pages"}],"about":[{"href":"https:\/\/www.sugamantours.com\/fr\/wp-json\/wp\/v2\/types\/page"}],"author":[{"embeddable":true,"href":"https:\/\/www.sugamantours.com\/fr\/wp-json\/wp\/v2\/users\/1"}],"replies":[{"embeddable":true,"href":"https:\/\/www.sugamantours.com\/fr\/wp-json\/wp\/v2\/comments?post=13086"}],"version-history":[{"count":2,"href":"https:\/\/www.sugamantours.com\/fr\/wp-json\/wp\/v2\/pages\/13086\/revisions"}],"predecessor-version":[{"id":14836,"href":"https:\/\/www.sugamantours.com\/fr\/wp-json\/wp\/v2\/pages\/13086\/revisions\/14836"}],"up":[{"embeddable":true,"href":"https:\/\/www.sugamantours.com\/fr\/wp-json\/wp\/v2\/pages\/13082"}],"wp:attachment":[{"href":"https:\/\/www.sugamantours.com\/fr\/wp-json\/wp\/v2\/media?parent=13086"}],"curies":[{"name":"wp","href":"https:\/\/api.w.org\/{rel}","templated":true}]}}