{"id":12865,"date":"2019-12-18T11:09:03","date_gmt":"2019-12-18T11:09:03","guid":{"rendered":"https:\/\/stage.sugamantours.com\/?page_id=12865"},"modified":"2020-10-30T08:59:48","modified_gmt":"2020-10-30T08:59:48","slug":"cesto-postavljena-pitanja","status":"publish","type":"page","link":"https:\/\/www.sugamantours.com\/hr\/o-nama\/cesto-postavljena-pitanja\/","title":{"rendered":"\u010cesto postavljena pitanja"},"content":{"rendered":"[vc_row][vc_column][vc_column_text]\n<h2>\u010cesto postavljena pitanja<\/h2>\n[\/vc_column_text][vc_tta_accordion][vc_tta_section title=&#8221;KUPUJEM ONLINE ULAZNICU, \u0160TO JE SLJEDE\u0106E?&#8221; tab_id=&#8221;1576484816415-c160ed34-5708&#8243;][vc_column_text]Nakon kupnje karte putem interneta primit \u0107ete poruku e-po\u0161te s voucherom. Ispi\u0161ite taj voucher i dovedite ga do \u010dekovnog mjesta navedenog na voucheru.[\/vc_column_text][\/vc_tta_section][vc_tta_section title=&#8221;Politka otkazivanja izleta&#8221; tab_id=&#8221;1576484816442-6bdca2a4-51dd&#8221;][vc_column_text]\n<div id=\"ui-id-4\" class=\"wpb_accordion_content ui-accordion-content clearfix ui-helper-reset ui-widget-content ui-corner-bottom ui-accordion-content-active\" role=\"tabpanel\" aria-labelledby=\"ui-id-3\" aria-hidden=\"false\">\n<div class=\"wpb_text_column wpb_content_element \">\n<div class=\"wpb_wrapper\">\n<p>Klijent ima pravo otkazati izlet. Ako gost otka\u017ee rezervaciju \/ uslugu kupljenu u roku od 24 sata prije po\u010detka turneje, nema pravo na povrat novca koji je upla\u0107en za izlet.<br \/>\nAko se klijent ne pojavljuje na dan odlaska na izlet (koji je prethodno bio u cijelosti upla\u0107en), a nije najavio dolazak (u roku od 24 sata prije odlaska), on nema pravo na povrat pla\u0107enog za izlet.<br \/>\nSituacije gdje:<br \/>\n\u2013 grupa (5 osoba ili vi\u0161e) je kupila bilo koju od na\u0161ih usluga i otkazala je u jednom od sljede\u0107ih razdoblja<br \/>\n\u2013 klijentske knjige dnevni izlet \/ privatni izlet \/ iznajmljuje jedrilicu s skiperom otkazanom u sljede\u0107im razdobljima:<br \/>\ndo 30 dana prije odlaska DAY TRIPS d.o.o. zadr\u017eava 10% pla\u0107enog iznosa i najmanje 100 kn<br \/>\n29-15 dana prije odlaska DAY TRIPS d.o.o. zadr\u017eava 25% pla\u0107enog iznosa<br \/>\n14-3 dana prije polaska DAY TRIPS d.o.o. zadr\u017eava 40% pla\u0107enog iznosa<br \/>\n2 -0 dana prije polaska DAY TRIPS d.o.o. zadr\u017eava 100% pla\u0107enog iznosa<br \/>\nNa\u0161i se izleti temelje na rezervacijama pa stoga obavijest o va\u0161oj odsutnosti mora biti \u0161to je prije mogu\u0107e kako bi se ostalim gostima omogu\u0107ilo da se pridru\u017ee izletu.<\/p>\n<p><strong>OTKAZ TIJEKA ILI PROMJENA PROGRAMA IZ DAY TRIPS d.o.o.<\/strong><br \/>\nDAY TRIPS d.o.o. zadr\u017eava pravo promjene rute zbog nepovoljnih uvjeta na moru ili bilo kakvih vremenskih uvjeta koji mogu ugroziti putnike. Kona\u010dnu odluku donosi kapetan \/ skiper u korist svih putnika.<\/div>\n<\/div>\n<\/div>\n[\/vc_column_text][\/vc_tta_section][vc_tta_section title=&#8221;Gdje mogu kupiti moju kartu?&#8221; tab_id=&#8221;1576484918353-2ab36945-07c3&#8243;][vc_column_text]Ulaznice se mogu kupiti online na <a href=\"https:\/\/www.sugamantours.com\">www.sugamantours.com<\/a> ili mo\u017eete do\u0107i u na\u0161u turisti\u010dku agenciju <a title=\"How to find us\" href=\"https:\/\/www.sugamantours.com\/how-to-find-us\/\">Dosud 4 u Dioklecijanovoj pala\u010di<\/a> u sredi\u0161tu grada Splita ili na na\u0161u prodajnu to\u010dku na \u0161etali\u0161tu Rive.[\/vc_column_text][\/vc_tta_section][vc_tta_section title=&#8221;Gdje je polazak?&#8221; tab_id=&#8221;1576484947218-3f2f7e3b-b106&#8243;][vc_column_text]\n<div id=\"ui-id-8\" class=\"wpb_accordion_content ui-accordion-content clearfix ui-helper-reset ui-widget-content ui-corner-bottom ui-accordion-content-active\" role=\"tabpanel\" aria-labelledby=\"ui-id-7\" aria-hidden=\"false\">\n<div class=\"wpb_text_column wpb_content_element \">\n<div class=\"wpb_wrapper\">\n<div id=\"ui-id-8\" class=\"wpb_accordion_content ui-accordion-content clearfix ui-helper-reset ui-widget-content ui-corner-bottom ui-accordion-content-active\" role=\"tabpanel\" aria-labelledby=\"ui-id-7\" aria-hidden=\"false\">\n<div class=\"wpb_text_column wpb_content_element \">\n<div class=\"wpb_wrapper\">\n<p>Na\u0161i gosti koji idu na neki od morskih izleta (<strong>Modra \u0161pilja &amp; Hvar, Plava laguna te Plava laguna, Hvar &amp; Trogir<\/strong>) trebaju sti\u0107i u na\u0161 ured u centru grada na adresi Dosud 4 (u Dioklecijanovoj pala\u010di, nasuprot hotela \u201eSlavija\u201c, uza skale iznad restorana \u201eKod sfinge Vaneuropske Zviri\u201c), barem 15 minuta prije po\u010detka izleta.<\/p>\n<p>Gosti koji idu na neki od kopnenih izleta (<strong>NP Plitvice i NP Krka<\/strong>) trebaju sti\u0107i na mjesto sastajanja koje se nalazi izme\u0111u Obale Lazareta i Poljane kneza Trpimira, u blizini restorana \u201eTerminal F\u201c i crvenih slova \u201eSPLIT\u201c.<\/p>\n<p>Gosti koji idu na economy izlete (<strong>NP Plitvice Economy i NP Krka Economy<\/strong>) trebaju sti\u0107i na mjesto sastajanja koje se nalazi na po\u010detku Rive, kraj bron\u010dane mape grada.<\/p>\n<p>Nalazite se izvan grada, kako mo\u017eete sti\u0107i do na\u0161eg susreta na vrijeme? \u2013 Dajte nam svoju adresu i dogovorit \u0107emo vam pokupiti ako je mogu\u0107e ili vam pru\u017eiti detaljne upute.<\/p><\/div>\n<\/div>\n<\/div>\n<\/div>\n<\/div>\n<\/div>\n[\/vc_column_text][\/vc_tta_section][vc_tta_section title=&#8221;Nalazimo se izvan grada, kako mo\u017eemo sti\u0107i do na\u0161eg susreta na vrijeme?&#8221; tab_id=&#8221;1576484969292-b3c81baa-68dc&#8221;][vc_column_text]Dajte nam svoju adresu i dogovorit \u0107emo vam pokupiti ako je mogu\u0107e ili vam pru\u017eiti detaljne upute.[\/vc_column_text][\/vc_tta_section][vc_tta_section title=&#8221;\u0160to bih trebao ponijeti na izlet?&#8221; tab_id=&#8221;1576484990025-11b5e30c-5cfb&#8221;][vc_column_text]Odje\u0107u za pla\u017eu i udobne cipele za \u0161etnju dobar su izbor za no\u0161enje. Preporu\u010dujemo i kameru, krema za sun\u010danje, ru\u010dnik i sun\u010dane nao\u010dale.[\/vc_column_text][\/vc_tta_section][vc_tta_section title=&#8221;Postoje li restrikcije vezane za godine i zdravlje?&#8221; tab_id=&#8221;1576485009098-043e538c-7f60&#8243;][vc_column_text]Nema ograni\u010denja u smislu dobi ili zdravlja, iako trudnice i sve osobe koje pate od ozljeda, kao \u0161to su problemi s le\u0111ima i vratima, ne preporu\u010duje se da idu na turneju po\u0161to se mora mo\u017ee gr\u010diti u trenu.[\/vc_column_text][\/vc_tta_section][vc_tta_section title=&#8221;Provodi li se izlet u slu\u010daju ki\u0161e?&#8221; tab_id=&#8221;1576485025878-018de169-b8f0&#8243;][vc_column_text]Ako se vrijeme ne smatra prikladnim, izlet \u0107e biti otkazan, u kojem slu\u010daju \u0107e svi gosti dobiti povrat od 100% ili mogu\u0107nost prebacivanja na bilo koji drugi dan.[\/vc_column_text][\/vc_tta_section][vc_tta_section title=&#8221;Koji je va\u0161 maksimalni kapacitet?&#8221; tab_id=&#8221;1576485043114-b3e527f2-d557&#8243;][vc_column_text]Ovisno o tipu glisera, na\u0161 maksimalni kapacitet na brodu gliserima iznosi od 10 do 14 osoba.[\/vc_column_text][\/vc_tta_section][vc_tta_section title=&#8221;\u0160to je uklju\u010deno u izlet?&#8221; tab_id=&#8221;1576485059912-8dd172e4-6162&#8243;][vc_column_text]\n<div id=\"ui-id-20\" class=\"wpb_accordion_content ui-accordion-content clearfix ui-helper-reset ui-widget-content ui-corner-bottom ui-accordion-content-active\" role=\"tabpanel\" aria-labelledby=\"ui-id-19\" aria-hidden=\"false\">\n<div class=\"wpb_text_column wpb_content_element \">\n<div class=\"wpb_wrapper\">Oprema za ronjenje, sigurnosna oprema i voda \/ vjetrobranska jakna osigurani su svim gostima. Ako odaberete izlet na Modra \u0161pilja &amp; Hvar, ulaznica za ulaz u Modru \u0161pilju nije uklju\u010dena u cijenu.\u2028Ispod svih na\u0161ih opisa putovanja detaljnije je navedeno \u0161to je uklju\u010deno u izlet, a \u0161to isklju\u010deno.<\/div>\n<\/div>\n<\/div>\n[\/vc_column_text][\/vc_tta_section][vc_tta_section title=&#8221;\u0160to nudimo u vidu sigurnosti na izletima?&#8221; tab_id=&#8221;1576485080644-30b84273-b2c4&#8243;][vc_column_text]Sigurnosna oprema namijenjena je svim na\u0161im gostima, kao \u0161to je lagana jakna za spa\u0161avanje. U slu\u010daju nezgode ili ozljede, osiguranje je uklju\u010deno u cijenu turneje. Va\u0161a prtljaga na brodu je tako\u0111er osigurana.[\/vc_column_text][\/vc_tta_section][vc_tta_section title=&#8221;Nudite li opciju sastanka ispred smje\u0161taja?&#8221; tab_id=&#8221;1576485097791-4142f9b7-53e4&#8243;][vc_column_text]Za na\u0161e goste organiziramo besplatne pick-upove u podru\u010djima od Podstrane do podru\u010dja Solina. Ako rezervirajte mre\u017enu rezervaciju, molimo da nam napi\u0161ete va\u0161u adresu smje\u0161taja kako bismo organizirali pick-up na vrijeme.[\/vc_column_text][\/vc_tta_section][vc_tta_section title=&#8221;Postoji li mogu\u0107nost organiziranja izleta prema na\u0161im \u017eeljama?&#8221; tab_id=&#8221;1576485114440-7799c5c9-fe84&#8243;][vc_column_text]Slobodno nas <a href=\"mailto:info@sugamantours.com?subject=Privatne%20Ture\" target=\"_blank\" rel=\"noopener noreferrer\">kontaktirajte<\/a> i mo\u017eemo prilagoditi izlet na odredi\u0161te po va\u0161em izboru.[\/vc_column_text][\/vc_tta_section][\/vc_tta_accordion][\/vc_column][\/vc_row]\n<div style=\"padding-bottom:20px; padding-top:10px;\" class=\"hupso-share-buttons\"><!-- Hupso Share Buttons - https:\/\/www.hupso.com\/share\/ --><a class=\"hupso_toolbar\" href=\"https:\/\/www.hupso.com\/share\/\"><img src=\"https:\/\/static.hupso.com\/share\/buttons\/dot.png\" style=\"border:0px; padding-top: 5px; float:left;\" alt=\"Share Button\"\/><\/a><script type=\"text\/javascript\">var hupso_services_t=new Array(\"Twitter\",\"Facebook\",\"Google Plus\",\"Pinterest\");var hupso_background_t=\"#EAF4FF\";var hupso_border_t=\"#66CCFF\";var hupso_toolbar_size_t=\"medium\";var hupso_image_folder_url = \"\";var hupso_twitter_via=\"SugamanTours\";var hupso_url_t=\"\";var hupso_title_t=\"%C4%8Cesto%20postavljena%20pitanja\";<\/script><script type=\"text\/javascript\" src=\"https:\/\/static.hupso.com\/share\/js\/share_toolbar.js\"><\/script><!-- Hupso Share Buttons --><\/div>","protected":false},"excerpt":{"rendered":"<p>[vc_row][vc_column][vc_column_text] \u010cesto postavljena pitanja [\/vc_column_text][vc_tta_accordion][vc_tta_section title=&#8221;KUPUJEM ONLINE ULAZNICU, \u0160TO JE SLJEDE\u0106E?&#8221; tab_id=&#8221;1576484816415-c160ed34-5708&#8243;][vc_column_text]Nakon kupnje karte putem interneta primit \u0107ete poruku e-po\u0161te s voucherom. Ispi\u0161ite taj voucher i dovedite ga do \u010dekovnog mjesta navedenog na voucheru.[\/vc_column_text][\/vc_tta_section][vc_tta_section title=&#8221;Politka otkazivanja izleta&#8221; tab_id=&#8221;1576484816442-6bdca2a4-51dd&#8221;][vc_column_text] Klijent ima pravo otkazati izlet. Ako gost otka\u017ee rezervaciju \/ uslugu kupljenu u roku od 24 sata&#8230;<\/p>\n","protected":false},"author":1,"featured_media":0,"parent":12862,"menu_order":0,"comment_status":"closed","ping_status":"closed","template":"template-fullwidth.php","meta":[],"acf":[],"yoast_head":"<!-- This site is optimized with the Yoast SEO plugin v18.5.1 - https:\/\/yoast.com\/wordpress\/plugins\/seo\/ -->\n<title>\u010cesto postavljena pitanja - Sugaman Tours<\/title>\n<meta name=\"robots\" content=\"index, follow, max-snippet:-1, max-image-preview:large, max-video-preview:-1\" \/>\n<link rel=\"canonical\" href=\"https:\/\/www.sugamantours.com\/hr\/o-nama\/cesto-postavljena-pitanja\/\" \/>\n<meta property=\"og:locale\" content=\"hr_HR\" \/>\n<meta property=\"og:type\" content=\"article\" \/>\n<meta property=\"og:title\" content=\"\u010cesto postavljena pitanja - Sugaman Tours\" \/>\n<meta property=\"og:description\" content=\"[vc_row][vc_column][vc_column_text] \u010cesto postavljena pitanja [\/vc_column_text][vc_tta_accordion][vc_tta_section title=&#8221;KUPUJEM ONLINE ULAZNICU, \u0160TO JE SLJEDE\u0106E?&#8221; tab_id=&#8221;1576484816415-c160ed34-5708&#8243;][vc_column_text]Nakon kupnje karte putem interneta primit \u0107ete poruku e-po\u0161te s voucherom. Ispi\u0161ite taj voucher i dovedite ga do \u010dekovnog mjesta navedenog na voucheru.[\/vc_column_text][\/vc_tta_section][vc_tta_section title=&#8221;Politka otkazivanja izleta&#8221; tab_id=&#8221;1576484816442-6bdca2a4-51dd&#8221;][vc_column_text] Klijent ima pravo otkazati izlet. Ako gost otka\u017ee rezervaciju \/ uslugu kupljenu u roku od 24 sata...\" \/>\n<meta property=\"og:url\" content=\"https:\/\/www.sugamantours.com\/hr\/o-nama\/cesto-postavljena-pitanja\/\" \/>\n<meta property=\"og:site_name\" content=\"Sugaman Tours\" \/>\n<meta property=\"article:publisher\" content=\"https:\/\/www.facebook.com\/pages\/Sugaman-Tours\/120200128150707\" \/>\n<meta property=\"article:modified_time\" content=\"2020-10-30T08:59:48+00:00\" \/>\n<meta name=\"twitter:card\" content=\"summary\" \/>\n<meta name=\"twitter:site\" content=\"@SugamanTours\" \/>\n<meta name=\"twitter:label1\" content=\"Procijenjeno vrijeme \u010ditanja\" \/>\n\t<meta name=\"twitter:data1\" content=\"6 minuta\" \/>\n<script type=\"application\/ld+json\" class=\"yoast-schema-graph\">{\"@context\":\"https:\/\/schema.org\",\"@graph\":[{\"@type\":\"Organization\",\"@id\":\"https:\/\/www.sugamantours.com\/#organization\",\"name\":\"Sugaman Tours\",\"url\":\"https:\/\/www.sugamantours.com\/\",\"sameAs\":[\"https:\/\/www.facebook.com\/pages\/Sugaman-Tours\/120200128150707\",\"http:\/\/instagram.com\/sugaman.tours\",\"https:\/\/www.youtube.com\/channel\/UC_PikWYg8jMLdhlG8ykTxkg\",\"https:\/\/www.pinterest.com\/sugamantours\/\",\"https:\/\/twitter.com\/SugamanTours\"],\"logo\":{\"@type\":\"ImageObject\",\"@id\":\"https:\/\/www.sugamantours.com\/#logo\",\"inLanguage\":\"hr\",\"url\":\"https:\/\/www.sugamantours.com\/wp-content\/uploads\/2014\/10\/stours-logo-web-dark.png\",\"contentUrl\":\"https:\/\/www.sugamantours.com\/wp-content\/uploads\/2014\/10\/stours-logo-web-dark.png\",\"width\":179,\"height\":60,\"caption\":\"Sugaman Tours\"},\"image\":{\"@id\":\"https:\/\/www.sugamantours.com\/#logo\"}},{\"@type\":\"WebSite\",\"@id\":\"https:\/\/www.sugamantours.com\/#website\",\"url\":\"https:\/\/www.sugamantours.com\/\",\"name\":\"Sugaman Tours\",\"description\":\"Sea excursions, island tours and speedboat transfers\",\"publisher\":{\"@id\":\"https:\/\/www.sugamantours.com\/#organization\"},\"potentialAction\":[{\"@type\":\"SearchAction\",\"target\":{\"@type\":\"EntryPoint\",\"urlTemplate\":\"https:\/\/www.sugamantours.com\/?s={search_term_string}\"},\"query-input\":\"required name=search_term_string\"}],\"inLanguage\":\"hr\"},{\"@type\":\"WebPage\",\"@id\":\"https:\/\/www.sugamantours.com\/hr\/o-nama\/cesto-postavljena-pitanja\/#webpage\",\"url\":\"https:\/\/www.sugamantours.com\/hr\/o-nama\/cesto-postavljena-pitanja\/\",\"name\":\"\u010cesto postavljena pitanja - Sugaman Tours\",\"isPartOf\":{\"@id\":\"https:\/\/www.sugamantours.com\/#website\"},\"datePublished\":\"2019-12-18T11:09:03+00:00\",\"dateModified\":\"2020-10-30T08:59:48+00:00\",\"breadcrumb\":{\"@id\":\"https:\/\/www.sugamantours.com\/hr\/o-nama\/cesto-postavljena-pitanja\/#breadcrumb\"},\"inLanguage\":\"hr\",\"potentialAction\":[{\"@type\":\"ReadAction\",\"target\":[\"https:\/\/www.sugamantours.com\/hr\/o-nama\/cesto-postavljena-pitanja\/\"]}]},{\"@type\":\"BreadcrumbList\",\"@id\":\"https:\/\/www.sugamantours.com\/hr\/o-nama\/cesto-postavljena-pitanja\/#breadcrumb\",\"itemListElement\":[{\"@type\":\"ListItem\",\"position\":1,\"name\":\"Home\",\"item\":\"https:\/\/www.sugamantours.com\/hr\/\"},{\"@type\":\"ListItem\",\"position\":2,\"name\":\"O nama\",\"item\":\"https:\/\/www.sugamantours.com\/hr\/o-nama\/\"},{\"@type\":\"ListItem\",\"position\":3,\"name\":\"\u010cesto postavljena pitanja\"}]}]}<\/script>\n<!-- \/ Yoast SEO plugin. -->","yoast_head_json":{"title":"\u010cesto postavljena pitanja - Sugaman Tours","robots":{"index":"index","follow":"follow","max-snippet":"max-snippet:-1","max-image-preview":"max-image-preview:large","max-video-preview":"max-video-preview:-1"},"canonical":"https:\/\/www.sugamantours.com\/hr\/o-nama\/cesto-postavljena-pitanja\/","og_locale":"hr_HR","og_type":"article","og_title":"\u010cesto postavljena pitanja - Sugaman Tours","og_description":"[vc_row][vc_column][vc_column_text] \u010cesto postavljena pitanja [\/vc_column_text][vc_tta_accordion][vc_tta_section title=&#8221;KUPUJEM ONLINE ULAZNICU, \u0160TO JE SLJEDE\u0106E?&#8221; tab_id=&#8221;1576484816415-c160ed34-5708&#8243;][vc_column_text]Nakon kupnje karte putem interneta primit \u0107ete poruku e-po\u0161te s voucherom. Ispi\u0161ite taj voucher i dovedite ga do \u010dekovnog mjesta navedenog na voucheru.[\/vc_column_text][\/vc_tta_section][vc_tta_section title=&#8221;Politka otkazivanja izleta&#8221; tab_id=&#8221;1576484816442-6bdca2a4-51dd&#8221;][vc_column_text] Klijent ima pravo otkazati izlet. Ako gost otka\u017ee rezervaciju \/ uslugu kupljenu u roku od 24 sata...","og_url":"https:\/\/www.sugamantours.com\/hr\/o-nama\/cesto-postavljena-pitanja\/","og_site_name":"Sugaman Tours","article_publisher":"https:\/\/www.facebook.com\/pages\/Sugaman-Tours\/120200128150707","article_modified_time":"2020-10-30T08:59:48+00:00","twitter_card":"summary","twitter_site":"@SugamanTours","twitter_misc":{"Procijenjeno vrijeme \u010ditanja":"6 minuta"},"schema":{"@context":"https:\/\/schema.org","@graph":[{"@type":"Organization","@id":"https:\/\/www.sugamantours.com\/#organization","name":"Sugaman Tours","url":"https:\/\/www.sugamantours.com\/","sameAs":["https:\/\/www.facebook.com\/pages\/Sugaman-Tours\/120200128150707","http:\/\/instagram.com\/sugaman.tours","https:\/\/www.youtube.com\/channel\/UC_PikWYg8jMLdhlG8ykTxkg","https:\/\/www.pinterest.com\/sugamantours\/","https:\/\/twitter.com\/SugamanTours"],"logo":{"@type":"ImageObject","@id":"https:\/\/www.sugamantours.com\/#logo","inLanguage":"hr","url":"https:\/\/www.sugamantours.com\/wp-content\/uploads\/2014\/10\/stours-logo-web-dark.png","contentUrl":"https:\/\/www.sugamantours.com\/wp-content\/uploads\/2014\/10\/stours-logo-web-dark.png","width":179,"height":60,"caption":"Sugaman Tours"},"image":{"@id":"https:\/\/www.sugamantours.com\/#logo"}},{"@type":"WebSite","@id":"https:\/\/www.sugamantours.com\/#website","url":"https:\/\/www.sugamantours.com\/","name":"Sugaman Tours","description":"Sea excursions, island tours and speedboat transfers","publisher":{"@id":"https:\/\/www.sugamantours.com\/#organization"},"potentialAction":[{"@type":"SearchAction","target":{"@type":"EntryPoint","urlTemplate":"https:\/\/www.sugamantours.com\/?s={search_term_string}"},"query-input":"required name=search_term_string"}],"inLanguage":"hr"},{"@type":"WebPage","@id":"https:\/\/www.sugamantours.com\/hr\/o-nama\/cesto-postavljena-pitanja\/#webpage","url":"https:\/\/www.sugamantours.com\/hr\/o-nama\/cesto-postavljena-pitanja\/","name":"\u010cesto postavljena pitanja - Sugaman Tours","isPartOf":{"@id":"https:\/\/www.sugamantours.com\/#website"},"datePublished":"2019-12-18T11:09:03+00:00","dateModified":"2020-10-30T08:59:48+00:00","breadcrumb":{"@id":"https:\/\/www.sugamantours.com\/hr\/o-nama\/cesto-postavljena-pitanja\/#breadcrumb"},"inLanguage":"hr","potentialAction":[{"@type":"ReadAction","target":["https:\/\/www.sugamantours.com\/hr\/o-nama\/cesto-postavljena-pitanja\/"]}]},{"@type":"BreadcrumbList","@id":"https:\/\/www.sugamantours.com\/hr\/o-nama\/cesto-postavljena-pitanja\/#breadcrumb","itemListElement":[{"@type":"ListItem","position":1,"name":"Home","item":"https:\/\/www.sugamantours.com\/hr\/"},{"@type":"ListItem","position":2,"name":"O nama","item":"https:\/\/www.sugamantours.com\/hr\/o-nama\/"},{"@type":"ListItem","position":3,"name":"\u010cesto postavljena pitanja"}]}]}},"_links":{"self":[{"href":"https:\/\/www.sugamantours.com\/hr\/wp-json\/wp\/v2\/pages\/12865"}],"collection":[{"href":"https:\/\/www.sugamantours.com\/hr\/wp-json\/wp\/v2\/pages"}],"about":[{"href":"https:\/\/www.sugamantours.com\/hr\/wp-json\/wp\/v2\/types\/page"}],"author":[{"embeddable":true,"href":"https:\/\/www.sugamantours.com\/hr\/wp-json\/wp\/v2\/users\/1"}],"replies":[{"embeddable":true,"href":"https:\/\/www.sugamantours.com\/hr\/wp-json\/wp\/v2\/comments?post=12865"}],"version-history":[{"count":5,"href":"https:\/\/www.sugamantours.com\/hr\/wp-json\/wp\/v2\/pages\/12865\/revisions"}],"predecessor-version":[{"id":12868,"href":"https:\/\/www.sugamantours.com\/hr\/wp-json\/wp\/v2\/pages\/12865\/revisions\/12868"}],"up":[{"embeddable":true,"href":"https:\/\/www.sugamantours.com\/hr\/wp-json\/wp\/v2\/pages\/12862"}],"wp:attachment":[{"href":"https:\/\/www.sugamantours.com\/hr\/wp-json\/wp\/v2\/media?parent=12865"}],"curies":[{"name":"wp","href":"https:\/\/api.w.org\/{rel}","templated":true}]}}