{"id":12881,"date":"2019-12-18T11:30:24","date_gmt":"2019-12-18T11:30:24","guid":{"rendered":"https:\/\/stage.sugamantours.com\/?page_id=12881"},"modified":"2020-10-30T09:10:16","modified_gmt":"2020-10-30T09:10:16","slug":"pridruzite-se-nasem-timu","status":"publish","type":"page","link":"https:\/\/www.sugamantours.com\/hr\/o-nama\/pridruzite-se-nasem-timu\/","title":{"rendered":"Pridru\u017eite se na\u0161em timu"},"content":{"rendered":"[vc_row overlay_color_opacity=&#8221;50&#8243; overlay_pattern_opacity=&#8221;50&#8243; css=&#8221;.vc_custom_1428579863152{margin-top: 0px !important;}&#8221;][vc_column css=&#8221;.vc_custom_1429473141546{margin-top: 0px !important;}&#8221;][vc_column_text]\n<h1>Pridru\u017eite se na\u0161em timu!<\/h1>\n[\/vc_column_text][vc_row_inner css=&#8221;.vc_custom_1428580007019{margin-right: 0px !important;margin-left: 0px !important;border-top-width: 0px !important;border-right-width: 0px !important;border-bottom-width: 0px !important;border-left-width: 0px !important;padding-right: 16px !important;border-left-color: #1a3281 !important;border-left-style: solid !important;border-right-color: #1a3281 !important;border-right-style: solid !important;border-top-color: #1a3281 !important;border-top-style: solid !important;border-bottom-color: #1a3281 !important;border-bottom-style: solid !important;}&#8221;][vc_column_inner css=&#8221;.vc_custom_1425976141732{margin-left: -10px !important;}&#8221;][vc_column_text]Volite raditi s ljudima i pru\u017eati izvrsne usluge kupcima?<\/p>\n<p>Mo\u017eete li raditi u timu i sami ste motivirani?<\/p>\n<p>\u017deljeli bismo vam ponuditi priliku da razvijate svoju karijeru. Vrijedan rad ovdje je vi\u0161e nego priznat, nagra\u0111en je! Izvrsno osoblje klju\u010d je na\u0161eg uspjeha i posve\u0107eni smo pomo\u0107i na\u0161im \u010dlanovima tima na razvoju i u\u010denju.<\/p>\n<p><strong>Podijelite na\u0161e vrijednosti<\/strong><\/p>\n<p>Cijeli Sugaman tim je poput obitelji koja dijeli va\u017ene temeljne vrijednosti: integritet, pouzdanost, entuzijazam i nepokolebljivu predanost izvrsnosti i brige o kupcima.[\/vc_column_text][\/vc_column_inner][\/vc_row_inner][vc_row_inner css=&#8221;.vc_custom_1604048960525{padding-top: 20px !important;padding-bottom: 80px !important;}&#8221;][vc_column_inner][\/vc_column_inner][\/vc_row_inner][\/vc_column][\/vc_row]\n<div style=\"padding-bottom:20px; padding-top:10px;\" class=\"hupso-share-buttons\"><!-- Hupso Share Buttons - https:\/\/www.hupso.com\/share\/ --><a class=\"hupso_toolbar\" href=\"https:\/\/www.hupso.com\/share\/\"><img src=\"https:\/\/static.hupso.com\/share\/buttons\/dot.png\" style=\"border:0px; padding-top: 5px; float:left;\" alt=\"Share Button\"\/><\/a><script type=\"text\/javascript\">var hupso_services_t=new Array(\"Twitter\",\"Facebook\",\"Google Plus\",\"Pinterest\");var hupso_background_t=\"#EAF4FF\";var hupso_border_t=\"#66CCFF\";var hupso_toolbar_size_t=\"medium\";var hupso_image_folder_url = \"\";var hupso_twitter_via=\"SugamanTours\";var hupso_url_t=\"\";var hupso_title_t=\"Pridru%C5%BEite%20se%20na%C5%A1em%20timu\";<\/script><script type=\"text\/javascript\" src=\"https:\/\/static.hupso.com\/share\/js\/share_toolbar.js\"><\/script><!-- Hupso Share Buttons --><\/div>","protected":false},"excerpt":{"rendered":"<p>[vc_row overlay_color_opacity=&#8221;50&#8243; overlay_pattern_opacity=&#8221;50&#8243; css=&#8221;.vc_custom_1428579863152{margin-top: 0px !important;}&#8221;][vc_column css=&#8221;.vc_custom_1429473141546{margin-top: 0px !important;}&#8221;][vc_column_text] Pridru\u017eite se na\u0161em timu! [\/vc_column_text][vc_row_inner css=&#8221;.vc_custom_1428580007019{margin-right: 0px !important;margin-left: 0px !important;border-top-width: 0px !important;border-right-width: 0px !important;border-bottom-width: 0px !important;border-left-width: 0px !important;padding-right: 16px !important;border-left-color: #1a3281 !important;border-left-style: solid !important;border-right-color: #1a3281 !important;border-right-style: solid !important;border-top-color: #1a3281 !important;border-top-style: solid !important;border-bottom-color: #1a3281 !important;border-bottom-style: solid !important;}&#8221;][vc_column_inner css=&#8221;.vc_custom_1425976141732{margin-left: -10px !important;}&#8221;][vc_column_text]Volite raditi s ljudima i pru\u017eati izvrsne usluge&#8230;<\/p>\n","protected":false},"author":1,"featured_media":0,"parent":12862,"menu_order":0,"comment_status":"closed","ping_status":"closed","template":"template-fullwidth.php","meta":[],"acf":[],"yoast_head":"<!-- This site is optimized with the Yoast SEO plugin v18.5.1 - https:\/\/yoast.com\/wordpress\/plugins\/seo\/ -->\n<title>Pridru\u017eite se na\u0161em timu - Sugaman Tours<\/title>\n<meta name=\"robots\" content=\"index, follow, max-snippet:-1, max-image-preview:large, max-video-preview:-1\" \/>\n<link rel=\"canonical\" href=\"https:\/\/www.sugamantours.com\/hr\/o-nama\/pridruzite-se-nasem-timu\/\" \/>\n<meta property=\"og:locale\" content=\"hr_HR\" \/>\n<meta property=\"og:type\" content=\"article\" \/>\n<meta property=\"og:title\" content=\"Pridru\u017eite se na\u0161em timu - Sugaman Tours\" \/>\n<meta property=\"og:description\" content=\"[vc_row overlay_color_opacity=&#8221;50&#8243; overlay_pattern_opacity=&#8221;50&#8243; css=&#8221;.vc_custom_1428579863152{margin-top: 0px !important;}&#8221;][vc_column css=&#8221;.vc_custom_1429473141546{margin-top: 0px !important;}&#8221;][vc_column_text] Pridru\u017eite se na\u0161em timu! [\/vc_column_text][vc_row_inner css=&#8221;.vc_custom_1428580007019{margin-right: 0px !important;margin-left: 0px !important;border-top-width: 0px !important;border-right-width: 0px !important;border-bottom-width: 0px !important;border-left-width: 0px !important;padding-right: 16px !important;border-left-color: #1a3281 !important;border-left-style: solid !important;border-right-color: #1a3281 !important;border-right-style: solid !important;border-top-color: #1a3281 !important;border-top-style: solid !important;border-bottom-color: #1a3281 !important;border-bottom-style: solid !important;}&#8221;][vc_column_inner css=&#8221;.vc_custom_1425976141732{margin-left: -10px !important;}&#8221;][vc_column_text]Volite raditi s ljudima i pru\u017eati izvrsne usluge...\" \/>\n<meta property=\"og:url\" content=\"https:\/\/www.sugamantours.com\/hr\/o-nama\/pridruzite-se-nasem-timu\/\" \/>\n<meta property=\"og:site_name\" content=\"Sugaman Tours\" \/>\n<meta property=\"article:publisher\" content=\"https:\/\/www.facebook.com\/pages\/Sugaman-Tours\/120200128150707\" \/>\n<meta property=\"article:modified_time\" content=\"2020-10-30T09:10:16+00:00\" \/>\n<meta name=\"twitter:card\" content=\"summary\" \/>\n<meta name=\"twitter:site\" content=\"@SugamanTours\" \/>\n<meta name=\"twitter:label1\" content=\"Procijenjeno vrijeme \u010ditanja\" \/>\n\t<meta name=\"twitter:data1\" content=\"1 minuta\" \/>\n<script type=\"application\/ld+json\" class=\"yoast-schema-graph\">{\"@context\":\"https:\/\/schema.org\",\"@graph\":[{\"@type\":\"Organization\",\"@id\":\"https:\/\/www.sugamantours.com\/#organization\",\"name\":\"Sugaman Tours\",\"url\":\"https:\/\/www.sugamantours.com\/\",\"sameAs\":[\"https:\/\/www.facebook.com\/pages\/Sugaman-Tours\/120200128150707\",\"http:\/\/instagram.com\/sugaman.tours\",\"https:\/\/www.youtube.com\/channel\/UC_PikWYg8jMLdhlG8ykTxkg\",\"https:\/\/www.pinterest.com\/sugamantours\/\",\"https:\/\/twitter.com\/SugamanTours\"],\"logo\":{\"@type\":\"ImageObject\",\"@id\":\"https:\/\/www.sugamantours.com\/#logo\",\"inLanguage\":\"hr\",\"url\":\"https:\/\/www.sugamantours.com\/wp-content\/uploads\/2014\/10\/stours-logo-web-dark.png\",\"contentUrl\":\"https:\/\/www.sugamantours.com\/wp-content\/uploads\/2014\/10\/stours-logo-web-dark.png\",\"width\":179,\"height\":60,\"caption\":\"Sugaman Tours\"},\"image\":{\"@id\":\"https:\/\/www.sugamantours.com\/#logo\"}},{\"@type\":\"WebSite\",\"@id\":\"https:\/\/www.sugamantours.com\/#website\",\"url\":\"https:\/\/www.sugamantours.com\/\",\"name\":\"Sugaman Tours\",\"description\":\"Sea excursions, island tours and speedboat transfers\",\"publisher\":{\"@id\":\"https:\/\/www.sugamantours.com\/#organization\"},\"potentialAction\":[{\"@type\":\"SearchAction\",\"target\":{\"@type\":\"EntryPoint\",\"urlTemplate\":\"https:\/\/www.sugamantours.com\/?s={search_term_string}\"},\"query-input\":\"required name=search_term_string\"}],\"inLanguage\":\"hr\"},{\"@type\":\"WebPage\",\"@id\":\"https:\/\/www.sugamantours.com\/hr\/o-nama\/pridruzite-se-nasem-timu\/#webpage\",\"url\":\"https:\/\/www.sugamantours.com\/hr\/o-nama\/pridruzite-se-nasem-timu\/\",\"name\":\"Pridru\u017eite se na\u0161em timu - Sugaman Tours\",\"isPartOf\":{\"@id\":\"https:\/\/www.sugamantours.com\/#website\"},\"datePublished\":\"2019-12-18T11:30:24+00:00\",\"dateModified\":\"2020-10-30T09:10:16+00:00\",\"breadcrumb\":{\"@id\":\"https:\/\/www.sugamantours.com\/hr\/o-nama\/pridruzite-se-nasem-timu\/#breadcrumb\"},\"inLanguage\":\"hr\",\"potentialAction\":[{\"@type\":\"ReadAction\",\"target\":[\"https:\/\/www.sugamantours.com\/hr\/o-nama\/pridruzite-se-nasem-timu\/\"]}]},{\"@type\":\"BreadcrumbList\",\"@id\":\"https:\/\/www.sugamantours.com\/hr\/o-nama\/pridruzite-se-nasem-timu\/#breadcrumb\",\"itemListElement\":[{\"@type\":\"ListItem\",\"position\":1,\"name\":\"Home\",\"item\":\"https:\/\/www.sugamantours.com\/hr\/\"},{\"@type\":\"ListItem\",\"position\":2,\"name\":\"O nama\",\"item\":\"https:\/\/www.sugamantours.com\/hr\/o-nama\/\"},{\"@type\":\"ListItem\",\"position\":3,\"name\":\"Pridru\u017eite se na\u0161em timu\"}]}]}<\/script>\n<!-- \/ Yoast SEO plugin. -->","yoast_head_json":{"title":"Pridru\u017eite se na\u0161em timu - Sugaman Tours","robots":{"index":"index","follow":"follow","max-snippet":"max-snippet:-1","max-image-preview":"max-image-preview:large","max-video-preview":"max-video-preview:-1"},"canonical":"https:\/\/www.sugamantours.com\/hr\/o-nama\/pridruzite-se-nasem-timu\/","og_locale":"hr_HR","og_type":"article","og_title":"Pridru\u017eite se na\u0161em timu - Sugaman Tours","og_description":"[vc_row overlay_color_opacity=&#8221;50&#8243; overlay_pattern_opacity=&#8221;50&#8243; css=&#8221;.vc_custom_1428579863152{margin-top: 0px !important;}&#8221;][vc_column css=&#8221;.vc_custom_1429473141546{margin-top: 0px !important;}&#8221;][vc_column_text] Pridru\u017eite se na\u0161em timu! [\/vc_column_text][vc_row_inner css=&#8221;.vc_custom_1428580007019{margin-right: 0px !important;margin-left: 0px !important;border-top-width: 0px !important;border-right-width: 0px !important;border-bottom-width: 0px !important;border-left-width: 0px !important;padding-right: 16px !important;border-left-color: #1a3281 !important;border-left-style: solid !important;border-right-color: #1a3281 !important;border-right-style: solid !important;border-top-color: #1a3281 !important;border-top-style: solid !important;border-bottom-color: #1a3281 !important;border-bottom-style: solid !important;}&#8221;][vc_column_inner css=&#8221;.vc_custom_1425976141732{margin-left: -10px !important;}&#8221;][vc_column_text]Volite raditi s ljudima i pru\u017eati izvrsne usluge...","og_url":"https:\/\/www.sugamantours.com\/hr\/o-nama\/pridruzite-se-nasem-timu\/","og_site_name":"Sugaman Tours","article_publisher":"https:\/\/www.facebook.com\/pages\/Sugaman-Tours\/120200128150707","article_modified_time":"2020-10-30T09:10:16+00:00","twitter_card":"summary","twitter_site":"@SugamanTours","twitter_misc":{"Procijenjeno vrijeme \u010ditanja":"1 minuta"},"schema":{"@context":"https:\/\/schema.org","@graph":[{"@type":"Organization","@id":"https:\/\/www.sugamantours.com\/#organization","name":"Sugaman Tours","url":"https:\/\/www.sugamantours.com\/","sameAs":["https:\/\/www.facebook.com\/pages\/Sugaman-Tours\/120200128150707","http:\/\/instagram.com\/sugaman.tours","https:\/\/www.youtube.com\/channel\/UC_PikWYg8jMLdhlG8ykTxkg","https:\/\/www.pinterest.com\/sugamantours\/","https:\/\/twitter.com\/SugamanTours"],"logo":{"@type":"ImageObject","@id":"https:\/\/www.sugamantours.com\/#logo","inLanguage":"hr","url":"https:\/\/www.sugamantours.com\/wp-content\/uploads\/2014\/10\/stours-logo-web-dark.png","contentUrl":"https:\/\/www.sugamantours.com\/wp-content\/uploads\/2014\/10\/stours-logo-web-dark.png","width":179,"height":60,"caption":"Sugaman Tours"},"image":{"@id":"https:\/\/www.sugamantours.com\/#logo"}},{"@type":"WebSite","@id":"https:\/\/www.sugamantours.com\/#website","url":"https:\/\/www.sugamantours.com\/","name":"Sugaman Tours","description":"Sea excursions, island tours and speedboat transfers","publisher":{"@id":"https:\/\/www.sugamantours.com\/#organization"},"potentialAction":[{"@type":"SearchAction","target":{"@type":"EntryPoint","urlTemplate":"https:\/\/www.sugamantours.com\/?s={search_term_string}"},"query-input":"required name=search_term_string"}],"inLanguage":"hr"},{"@type":"WebPage","@id":"https:\/\/www.sugamantours.com\/hr\/o-nama\/pridruzite-se-nasem-timu\/#webpage","url":"https:\/\/www.sugamantours.com\/hr\/o-nama\/pridruzite-se-nasem-timu\/","name":"Pridru\u017eite se na\u0161em timu - Sugaman Tours","isPartOf":{"@id":"https:\/\/www.sugamantours.com\/#website"},"datePublished":"2019-12-18T11:30:24+00:00","dateModified":"2020-10-30T09:10:16+00:00","breadcrumb":{"@id":"https:\/\/www.sugamantours.com\/hr\/o-nama\/pridruzite-se-nasem-timu\/#breadcrumb"},"inLanguage":"hr","potentialAction":[{"@type":"ReadAction","target":["https:\/\/www.sugamantours.com\/hr\/o-nama\/pridruzite-se-nasem-timu\/"]}]},{"@type":"BreadcrumbList","@id":"https:\/\/www.sugamantours.com\/hr\/o-nama\/pridruzite-se-nasem-timu\/#breadcrumb","itemListElement":[{"@type":"ListItem","position":1,"name":"Home","item":"https:\/\/www.sugamantours.com\/hr\/"},{"@type":"ListItem","position":2,"name":"O nama","item":"https:\/\/www.sugamantours.com\/hr\/o-nama\/"},{"@type":"ListItem","position":3,"name":"Pridru\u017eite se na\u0161em timu"}]}]}},"_links":{"self":[{"href":"https:\/\/www.sugamantours.com\/hr\/wp-json\/wp\/v2\/pages\/12881"}],"collection":[{"href":"https:\/\/www.sugamantours.com\/hr\/wp-json\/wp\/v2\/pages"}],"about":[{"href":"https:\/\/www.sugamantours.com\/hr\/wp-json\/wp\/v2\/types\/page"}],"author":[{"embeddable":true,"href":"https:\/\/www.sugamantours.com\/hr\/wp-json\/wp\/v2\/users\/1"}],"replies":[{"embeddable":true,"href":"https:\/\/www.sugamantours.com\/hr\/wp-json\/wp\/v2\/comments?post=12881"}],"version-history":[{"count":3,"href":"https:\/\/www.sugamantours.com\/hr\/wp-json\/wp\/v2\/pages\/12881\/revisions"}],"predecessor-version":[{"id":14779,"href":"https:\/\/www.sugamantours.com\/hr\/wp-json\/wp\/v2\/pages\/12881\/revisions\/14779"}],"up":[{"embeddable":true,"href":"https:\/\/www.sugamantours.com\/hr\/wp-json\/wp\/v2\/pages\/12862"}],"wp:attachment":[{"href":"https:\/\/www.sugamantours.com\/hr\/wp-json\/wp\/v2\/media?parent=12881"}],"curies":[{"name":"wp","href":"https:\/\/api.w.org\/{rel}","templated":true}]}}