{"id":15665,"date":"2022-05-06T15:33:41","date_gmt":"2022-05-06T15:33:41","guid":{"rendered":"https:\/\/www.sugamantours.com\/?page_id=15665"},"modified":"2024-02-03T07:52:50","modified_gmt":"2024-02-03T07:52:50","slug":"modra-spilja-i-razgled-grada-splita","status":"publish","type":"page","link":"https:\/\/www.sugamantours.com\/hr\/kombinirani-izleti-sa-ustedom\/modra-spilja-i-razgled-grada-splita\/","title":{"rendered":"Modra \u0161pilja i razgled grada Splita"},"content":{"rendered":"[vc_row css=&#8221;.vc_custom_1554377199428{margin-bottom: -20px !important;}&#8221;][vc_column][vc_column_text]\n<h3>\u20ac 148 po osobi \/ Modra \u0161pilja i razgled grada Splita<\/h3>\n<h5 style=\"color: #00ccff; margin-top: -20px;\">U\u0161tedite \u20ac 5<\/h5>\n[\/vc_column_text][vc_separator color=&#8221;mulled_wine&#8221; style=&#8221;dashed&#8221; css=&#8221;.vc_custom_1576151007256{margin-top: -10px !important;}&#8221;][\/vc_column][\/vc_row][vc_row css=&#8221;.vc_custom_1576148442759{margin-bottom: 0px !important;}&#8221;][vc_column][vc_column_text]\n<h2>Saznajte vi\u0161e o izletu<\/h2>\n<p>Ako ste netko tko voli probati sve na svojim putovanjima, po\u017eeljet \u0107ete se pridru\u017eiti jednoj od na\u0161ih kombiniranih tura \u2013 na kraju krajeva, oni su savr\u0161ena kombinacija svega. Uz ovu kombiniranu turu, provest \u0107ete dan na moru u avanturi glisera do Modre \u0161pilje i uroniti u dubine Dioklecijanove pala\u010de u glavnom gradu Dalmacije Splitu.<\/p>\n<h5>OPCIJE REZERVACIJE<\/h5>\n<p><u>Ova rezervacija je na zahtjev. Na\u0161 tim \u0107e vas uskoro kontaktirati kako bismo potvrdili rezervaciju.<\/u>[\/vc_column_text][\/vc_column][\/vc_row][vc_row][vc_column][vc_column_text]\n<hr \/>\n[\/vc_column_text][\/vc_column][\/vc_row][vc_row][vc_column width=&#8221;1\/2&#8243;][vc_gallery interval=&#8221;0&#8243; images=&#8221;4062,3209,4312,4080,4317,4078,4605,4315,4123,4133,3260,4148,4150,3195&#8243; img_size=&#8221;560&#215;300&#8243;][\/vc_column][vc_column width=&#8221;1\/2&#8243;][vc_gallery interval=&#8221;0&#8243; images=&#8221;6356,6351,6355,6354,6353,6347&#8243; img_size=&#8221;560&#215;300&#8243;][\/vc_column][\/vc_row][vc_row css=&#8221;.vc_custom_1576148323857{margin-top: -12px !important;}&#8221;][vc_column][vc_row_inner equal_height=&#8221;yes&#8221; css=&#8221;.vc_custom_1576148356662{background-color: #efefef !important;}&#8221;][vc_column_inner width=&#8221;1\/2&#8243; css=&#8221;.vc_custom_1576148343838{border-right-width: 1px !important;background-color: #efefef !important;border-right-color: #000000 !important;border-right-style: dashed !important;border-radius: 1px !important;}&#8221;][vc_column_text]\n<h1 style=\"color: #1e73be; text-align: center; margin-bottom: 6px; font-size: 1.6em; line-height: 1.2em;\"><span style=\"color: #000000;\">Modra \u0161pilja i razgled grada Splita<\/span><\/h1>\n<h5 style=\"text-align: center; color: #1e73be;\">&#8211; u\u0161tedite \u20ac 5 &#8211;<\/h5>\n<h2 style=\"text-align: center; margin-bottom: 16px; margin-top: 16px; color: #f1c40f;\"><span style=\"color: #1e73be; font-size: 1.4em;\"> \u20ac 148<\/span><\/h2>\n<div align=\"center\">\n<div class=\"su-button-center\"><a href=\"https:\/\/www.sugamantours.com\/booking-calendars\/combo-saver-booking-calendar-blue-cave-split-walking-tour\/\" class=\"su-button su-button-style-default\" style=\"color:#FFFFFF;background-color:#00ccff;border-color:#00a4cc;border-radius:0px;-moz-border-radius:0px;-webkit-border-radius:0px\" target=\"_blank\" rel=\"noopener noreferrer\"><span style=\"color:#FFFFFF;padding:0px 22px;font-size:17px;line-height:34px;border-color:#4ddcff;border-radius:0px;-moz-border-radius:0px;-webkit-border-radius:0px;text-shadow:none;-moz-text-shadow:none;-webkit-text-shadow:none\"> REZERVIRAJTE SADA<\/span><\/a><\/div>\n<\/div>\n[\/vc_column_text][\/vc_column_inner][vc_column_inner width=&#8221;1\/2&#8243;][vc_column_text]\n<div align=\"center\">\n<h1 style=\"color: #1e73be; text-align: center; margin-bottom: 6px; font-size: 1.6em; line-height: 1.2em;\"><span style=\"color: #000000;\">KONTAKT<\/span><\/h1>\n<p style=\"margin-bottom: -8px;\"><i class=\"fa fa-phone\" style=\"font-size: 14px; margin-right: 10px;\"><\/i> <span style=\"color: #000000; font-family: Arial, Helvetica, sans-serif;\"><strong>BESPLATNI BROJ:<\/strong><\/span> <a href=\"tel:+1-213-808-6022\"><span style=\"color: #1e73be;\">+1 (213) 808-6022<\/span><\/a><\/p>\n<p style=\"margin-bottom: -8px;\"><i class=\"fa fa-mobile\" style=\"font-size: 18px; margin-right: 14px;\"><\/i> <span style=\"color: #000000; font-family: Arial, Helvetica, sans-serif;\"><strong>MOBITEL:<\/strong><\/span> <a href=\"tel:+385916443333\"><span style=\"color: #1e73be;\">+385 91 644-3333<\/span><\/a><\/p>\n<p style=\"margin-bottom: -8px;\"><i class=\"fa fa-whatsapp\" style=\"font-size: 14px; margin-right: 10px;\"><\/i> <span style=\"color: #000000; font-family: Arial, Helvetica, sans-serif;\"><strong>WHATSAPP:<\/strong><\/span> <a href=\"https:\/\/api.whatsapp.com\/send?phone=385916443333\" target=\"_blank\" rel=\"noopener noreferrer\"><span style=\"color: #1e73be;\">+385 91 644-3333<\/span><\/a><\/p>\n<p style=\"margin-bottom: -8px;\"><i class=\"fa fa-envelope-o\" style=\"font-size: 14px; margin-right: 10px;\"><\/i> <span style=\"color: #000000; font-family: Arial, Helvetica, sans-serif;\"><strong>EMAIL:<\/strong><\/span> <a href=\"mailto:office@sugamantours.com?subject=Blue%20Cave%20Tour\" target=\"_blank\" rel=\"noopener noreferrer\"><span style=\"color: #1e73be;\">office@sugamantours.com<\/span><\/a><\/p>\n<p><span style=\"color: #000000; font-family: Arial, Helvetica, sans-serif;\"><strong>ADRESA:<\/strong><\/span><span style=\"color: #1e73be;\"> <a style=\"color: #1e73be;\" href=\"https:\/\/www.google.com\/maps\/dir\/\/43.508173,16.439102\/@43.507905,16.439048,17z?hl=en-US\" target=\"_blank\" rel=\"noopener noreferrer\">Obala Lazareta 3, 21000 Split<\/a><\/span><\/p>\n<\/div>\n[\/vc_column_text][\/vc_column_inner][\/vc_row_inner][\/vc_column][\/vc_row][vc_row][vc_column width=&#8221;1\/2&#8243;][vc_column_text css=&#8221;.vc_custom_1651850969397{margin-top: -10px !important;}&#8221;]\n<h2 style=\"text-align: center;\">Modra \u0161pilja i razgled Hvara<\/h2>\n<h6 style=\"text-align: center; color: #8c0000;\">Cijena ulaznice: 940 kn<\/h6>\n<p style=\"text-align: center; text-transform: uppercase;\"><a href=\"https:\/\/www.sugamantours.com\/hr\/morski-izleti\/modra-spilja-hvar\/\" target=\"_blank\" rel=\"noopener noreferrer\"><span style=\"color: #ffffff; padding: 6px 16px; background: #00ccff;\"><strong>Saznajte vi\u0161e o izletu<\/strong><\/span><\/a><\/p>\n<p>Otkrijte o\u010daravaju\u0107u Modru \u0161pilju na otoku Bi\u0161evu prije nego istra\u017eite Medvje\u0111u \u0161pilju i nagra\u0111ivanu europsku pla\u017eu u Uvala Stiniva . Zaronite u raj za ronioce na otoku Budikovcu prije nego \u0161to se uputite u za\u010daranu uvalu Palmi\u017eana. Ovaj izlet zavr\u0161ava s \u0161lagom na vrhu torte\u2014prilikom da lutate drevnim ulicama grada Hvara prije nego \u0161to se gliserom vratite u Split.<\/p>\n<h5 style=\"text-align: center;\">Korisni savjeti<\/h5>\n<p>Vodootporne\/vjetrootporne jakne su osigurane na brodu, ali preporu\u010dujemo udobnu obu\u0107u i le\u017eernu odje\u0107u. Budu\u0107i da \u0107ete dan provesti na moru, krema za sun\u010danje, \u0161e\u0161ir i sun\u010dane nao\u010dale su obavezni!<\/p>\n<h5 style=\"text-align: center;\">\u0160to ponijeti sa sobom<\/h5>\n<p>Neka vam fotoaparati budu pri ruci, iako bi bilo pametno dr\u017eati ih u vodootpornom ku\u0107i\u0161tu i nositi punja\u010d! Dok cipele za plivanje nisu obavezne, kupa\u0107i kostim i ru\u010dnik su obavezni &#8211; vjerujte nam, ne\u0107ete propustiti priliku za kupanje u ovim vodama.[\/vc_column_text][\/vc_column][vc_column width=&#8221;1\/2&#8243;][vc_column_text css=&#8221;.vc_custom_1651851036506{margin-top: -10px !important;}&#8221;]\n<h2 style=\"text-align: center;\">Razgled grada Splita<\/h2>\n<h6 style=\"text-align: center; color: #8c0000;\">Cijena ulaznice: 100 kn<\/h6>\n<p style=\"text-align: center;\"><a href=\"https:\/\/www.sugamantours.com\/split-walking-tour\/\" target=\"_blank\" rel=\"noopener noreferrer\"><span style=\"color: #ffffff; text-transform: uppercase; padding: 6px 16px; background: #00ccff;\"><strong>Saznajte vi\u0161e o izletu<\/strong><\/span><\/a><\/p>\n<p>Na\u0161 lokalni vodi\u010d otkrit \u0107e vam tajne koje se kriju u jednom od cijenjenih hrvatskih dragulja UNESCO-a \u2013 Dioklecijanovoj pala\u010di. Otkrijte za\u0161to je stari grad srce ovog uspje\u0161nog grada. Na\u0161 obilazak s vodi\u010dem odvest \u0107e vas do mjesta koja morate vidjeti unutar pala\u010de otkrivaju\u0107i sve njezine pri\u010de iz pro\u0161losti.<\/p>\n<h5 style=\"text-align: center;\">Korisni savjeti<\/h5>\n<p>Na ovoj turneji \u0107emo malo pro\u0161etati, tako da je par udobnih cipela definitivno pravi izbor. I nemojte se bojati navu\u0107i sun\u010dane nao\u010dale kao \u0161to to \u010dine Spli\u0107ani!<\/p>\n<h5 style=\"text-align: center;\">\u0160to ponijeti sa sobom<\/h5>\n<p>Budu\u0107i da \u0107ete morati uta\u017eiti \u017ee\u0111 u ovim vru\u0107im ljetnim danima, dr\u017eite bocu hladne vode blizu. Tako\u0111er bismo vas potaknuli da nosite \u0161e\u0161ir i kremu sa za\u0161titnim faktorom kako biste osigurali da vam obilazak bude \u0161to udobniji.[\/vc_column_text][\/vc_column][\/vc_row]\n<div style=\"padding-bottom:20px; padding-top:10px;\" class=\"hupso-share-buttons\"><!-- Hupso Share Buttons - https:\/\/www.hupso.com\/share\/ --><a class=\"hupso_toolbar\" href=\"https:\/\/www.hupso.com\/share\/\"><img src=\"https:\/\/static.hupso.com\/share\/buttons\/dot.png\" style=\"border:0px; padding-top: 5px; float:left;\" alt=\"Share Button\"\/><\/a><script type=\"text\/javascript\">var hupso_services_t=new Array(\"Twitter\",\"Facebook\",\"Google Plus\",\"Pinterest\");var hupso_background_t=\"#EAF4FF\";var hupso_border_t=\"#66CCFF\";var hupso_toolbar_size_t=\"medium\";var hupso_image_folder_url = \"\";var hupso_twitter_via=\"SugamanTours\";var hupso_url_t=\"\";var hupso_title_t=\"Modra%20%C5%A1pilja%20i%20razgled%20grada%20Splita\";<\/script><script type=\"text\/javascript\" src=\"https:\/\/static.hupso.com\/share\/js\/share_toolbar.js\"><\/script><!-- Hupso Share Buttons --><\/div>","protected":false},"excerpt":{"rendered":"<p>[vc_row css=&#8221;.vc_custom_1554377199428{margin-bottom: -20px !important;}&#8221;][vc_column][vc_column_text] \u20ac 148 po osobi \/ Modra \u0161pilja i razgled grada Splita U\u0161tedite \u20ac 5 [\/vc_column_text][vc_separator color=&#8221;mulled_wine&#8221; style=&#8221;dashed&#8221; css=&#8221;.vc_custom_1576151007256{margin-top: -10px !important;}&#8221;][\/vc_column][\/vc_row][vc_row css=&#8221;.vc_custom_1576148442759{margin-bottom: 0px !important;}&#8221;][vc_column][vc_column_text] Saznajte vi\u0161e o izletu Ako ste netko tko voli probati sve na svojim putovanjima, po\u017eeljet \u0107ete se pridru\u017eiti jednoj od na\u0161ih kombiniranih tura \u2013 na kraju krajeva, oni&#8230;<\/p>\n","protected":false},"author":1,"featured_media":0,"parent":15561,"menu_order":0,"comment_status":"closed","ping_status":"closed","template":"template-fullwidth-with-sidebar.php","meta":[],"acf":[],"yoast_head":"<!-- This site is optimized with the Yoast SEO plugin v18.5.1 - https:\/\/yoast.com\/wordpress\/plugins\/seo\/ -->\n<title>Modra \u0161pilja i razgled grada Splita - Sugaman Tours<\/title>\n<meta name=\"robots\" content=\"index, follow, max-snippet:-1, max-image-preview:large, max-video-preview:-1\" \/>\n<link rel=\"canonical\" href=\"https:\/\/www.sugamantours.com\/hr\/kombinirani-izleti-sa-ustedom\/modra-spilja-i-razgled-grada-splita\/\" \/>\n<meta property=\"og:locale\" content=\"hr_HR\" \/>\n<meta property=\"og:type\" content=\"article\" \/>\n<meta property=\"og:title\" content=\"Modra \u0161pilja i razgled grada Splita - Sugaman Tours\" \/>\n<meta property=\"og:description\" content=\"[vc_row css=&#8221;.vc_custom_1554377199428{margin-bottom: -20px !important;}&#8221;][vc_column][vc_column_text] \u20ac 148 po osobi \/ Modra \u0161pilja i razgled grada Splita U\u0161tedite \u20ac 5 [\/vc_column_text][vc_separator color=&#8221;mulled_wine&#8221; style=&#8221;dashed&#8221; css=&#8221;.vc_custom_1576151007256{margin-top: -10px !important;}&#8221;][\/vc_column][\/vc_row][vc_row css=&#8221;.vc_custom_1576148442759{margin-bottom: 0px !important;}&#8221;][vc_column][vc_column_text] Saznajte vi\u0161e o izletu Ako ste netko tko voli probati sve na svojim putovanjima, po\u017eeljet \u0107ete se pridru\u017eiti jednoj od na\u0161ih kombiniranih tura \u2013 na kraju krajeva, oni...\" \/>\n<meta property=\"og:url\" content=\"https:\/\/www.sugamantours.com\/hr\/kombinirani-izleti-sa-ustedom\/modra-spilja-i-razgled-grada-splita\/\" \/>\n<meta property=\"og:site_name\" content=\"Sugaman Tours\" \/>\n<meta property=\"article:publisher\" content=\"https:\/\/www.facebook.com\/pages\/Sugaman-Tours\/120200128150707\" \/>\n<meta property=\"article:modified_time\" content=\"2024-02-03T07:52:50+00:00\" \/>\n<meta name=\"twitter:card\" content=\"summary\" \/>\n<meta name=\"twitter:site\" content=\"@SugamanTours\" \/>\n<meta name=\"twitter:label1\" content=\"Procijenjeno vrijeme \u010ditanja\" \/>\n\t<meta name=\"twitter:data1\" content=\"3 minute\" \/>\n<script type=\"application\/ld+json\" class=\"yoast-schema-graph\">{\"@context\":\"https:\/\/schema.org\",\"@graph\":[{\"@type\":\"Organization\",\"@id\":\"https:\/\/www.sugamantours.com\/#organization\",\"name\":\"Sugaman Tours\",\"url\":\"https:\/\/www.sugamantours.com\/\",\"sameAs\":[\"https:\/\/www.facebook.com\/pages\/Sugaman-Tours\/120200128150707\",\"http:\/\/instagram.com\/sugaman.tours\",\"https:\/\/www.youtube.com\/channel\/UC_PikWYg8jMLdhlG8ykTxkg\",\"https:\/\/www.pinterest.com\/sugamantours\/\",\"https:\/\/twitter.com\/SugamanTours\"],\"logo\":{\"@type\":\"ImageObject\",\"@id\":\"https:\/\/www.sugamantours.com\/#logo\",\"inLanguage\":\"hr\",\"url\":\"https:\/\/www.sugamantours.com\/wp-content\/uploads\/2014\/10\/stours-logo-web-dark.png\",\"contentUrl\":\"https:\/\/www.sugamantours.com\/wp-content\/uploads\/2014\/10\/stours-logo-web-dark.png\",\"width\":179,\"height\":60,\"caption\":\"Sugaman Tours\"},\"image\":{\"@id\":\"https:\/\/www.sugamantours.com\/#logo\"}},{\"@type\":\"WebSite\",\"@id\":\"https:\/\/www.sugamantours.com\/#website\",\"url\":\"https:\/\/www.sugamantours.com\/\",\"name\":\"Sugaman Tours\",\"description\":\"Sea excursions, island tours and speedboat transfers\",\"publisher\":{\"@id\":\"https:\/\/www.sugamantours.com\/#organization\"},\"potentialAction\":[{\"@type\":\"SearchAction\",\"target\":{\"@type\":\"EntryPoint\",\"urlTemplate\":\"https:\/\/www.sugamantours.com\/?s={search_term_string}\"},\"query-input\":\"required name=search_term_string\"}],\"inLanguage\":\"hr\"},{\"@type\":\"WebPage\",\"@id\":\"https:\/\/www.sugamantours.com\/hr\/kombinirani-izleti-sa-ustedom\/modra-spilja-i-razgled-grada-splita\/#webpage\",\"url\":\"https:\/\/www.sugamantours.com\/hr\/kombinirani-izleti-sa-ustedom\/modra-spilja-i-razgled-grada-splita\/\",\"name\":\"Modra \u0161pilja i razgled grada Splita - Sugaman Tours\",\"isPartOf\":{\"@id\":\"https:\/\/www.sugamantours.com\/#website\"},\"datePublished\":\"2022-05-06T15:33:41+00:00\",\"dateModified\":\"2024-02-03T07:52:50+00:00\",\"breadcrumb\":{\"@id\":\"https:\/\/www.sugamantours.com\/hr\/kombinirani-izleti-sa-ustedom\/modra-spilja-i-razgled-grada-splita\/#breadcrumb\"},\"inLanguage\":\"hr\",\"potentialAction\":[{\"@type\":\"ReadAction\",\"target\":[\"https:\/\/www.sugamantours.com\/hr\/kombinirani-izleti-sa-ustedom\/modra-spilja-i-razgled-grada-splita\/\"]}]},{\"@type\":\"BreadcrumbList\",\"@id\":\"https:\/\/www.sugamantours.com\/hr\/kombinirani-izleti-sa-ustedom\/modra-spilja-i-razgled-grada-splita\/#breadcrumb\",\"itemListElement\":[{\"@type\":\"ListItem\",\"position\":1,\"name\":\"Home\",\"item\":\"https:\/\/www.sugamantours.com\/hr\/\"},{\"@type\":\"ListItem\",\"position\":2,\"name\":\"Kombinirani izleti sa u\u0161tedom\",\"item\":\"https:\/\/www.sugamantours.com\/hr\/kombinirani-izleti-sa-ustedom\/\"},{\"@type\":\"ListItem\",\"position\":3,\"name\":\"Modra \u0161pilja i razgled grada Splita\"}]}]}<\/script>\n<!-- \/ Yoast SEO plugin. -->","yoast_head_json":{"title":"Modra \u0161pilja i razgled grada Splita - Sugaman Tours","robots":{"index":"index","follow":"follow","max-snippet":"max-snippet:-1","max-image-preview":"max-image-preview:large","max-video-preview":"max-video-preview:-1"},"canonical":"https:\/\/www.sugamantours.com\/hr\/kombinirani-izleti-sa-ustedom\/modra-spilja-i-razgled-grada-splita\/","og_locale":"hr_HR","og_type":"article","og_title":"Modra \u0161pilja i razgled grada Splita - Sugaman Tours","og_description":"[vc_row css=&#8221;.vc_custom_1554377199428{margin-bottom: -20px !important;}&#8221;][vc_column][vc_column_text] \u20ac 148 po osobi \/ Modra \u0161pilja i razgled grada Splita U\u0161tedite \u20ac 5 [\/vc_column_text][vc_separator color=&#8221;mulled_wine&#8221; style=&#8221;dashed&#8221; css=&#8221;.vc_custom_1576151007256{margin-top: -10px !important;}&#8221;][\/vc_column][\/vc_row][vc_row css=&#8221;.vc_custom_1576148442759{margin-bottom: 0px !important;}&#8221;][vc_column][vc_column_text] Saznajte vi\u0161e o izletu Ako ste netko tko voli probati sve na svojim putovanjima, po\u017eeljet \u0107ete se pridru\u017eiti jednoj od na\u0161ih kombiniranih tura \u2013 na kraju krajeva, oni...","og_url":"https:\/\/www.sugamantours.com\/hr\/kombinirani-izleti-sa-ustedom\/modra-spilja-i-razgled-grada-splita\/","og_site_name":"Sugaman Tours","article_publisher":"https:\/\/www.facebook.com\/pages\/Sugaman-Tours\/120200128150707","article_modified_time":"2024-02-03T07:52:50+00:00","twitter_card":"summary","twitter_site":"@SugamanTours","twitter_misc":{"Procijenjeno vrijeme \u010ditanja":"3 minute"},"schema":{"@context":"https:\/\/schema.org","@graph":[{"@type":"Organization","@id":"https:\/\/www.sugamantours.com\/#organization","name":"Sugaman Tours","url":"https:\/\/www.sugamantours.com\/","sameAs":["https:\/\/www.facebook.com\/pages\/Sugaman-Tours\/120200128150707","http:\/\/instagram.com\/sugaman.tours","https:\/\/www.youtube.com\/channel\/UC_PikWYg8jMLdhlG8ykTxkg","https:\/\/www.pinterest.com\/sugamantours\/","https:\/\/twitter.com\/SugamanTours"],"logo":{"@type":"ImageObject","@id":"https:\/\/www.sugamantours.com\/#logo","inLanguage":"hr","url":"https:\/\/www.sugamantours.com\/wp-content\/uploads\/2014\/10\/stours-logo-web-dark.png","contentUrl":"https:\/\/www.sugamantours.com\/wp-content\/uploads\/2014\/10\/stours-logo-web-dark.png","width":179,"height":60,"caption":"Sugaman Tours"},"image":{"@id":"https:\/\/www.sugamantours.com\/#logo"}},{"@type":"WebSite","@id":"https:\/\/www.sugamantours.com\/#website","url":"https:\/\/www.sugamantours.com\/","name":"Sugaman Tours","description":"Sea excursions, island tours and speedboat transfers","publisher":{"@id":"https:\/\/www.sugamantours.com\/#organization"},"potentialAction":[{"@type":"SearchAction","target":{"@type":"EntryPoint","urlTemplate":"https:\/\/www.sugamantours.com\/?s={search_term_string}"},"query-input":"required name=search_term_string"}],"inLanguage":"hr"},{"@type":"WebPage","@id":"https:\/\/www.sugamantours.com\/hr\/kombinirani-izleti-sa-ustedom\/modra-spilja-i-razgled-grada-splita\/#webpage","url":"https:\/\/www.sugamantours.com\/hr\/kombinirani-izleti-sa-ustedom\/modra-spilja-i-razgled-grada-splita\/","name":"Modra \u0161pilja i razgled grada Splita - Sugaman Tours","isPartOf":{"@id":"https:\/\/www.sugamantours.com\/#website"},"datePublished":"2022-05-06T15:33:41+00:00","dateModified":"2024-02-03T07:52:50+00:00","breadcrumb":{"@id":"https:\/\/www.sugamantours.com\/hr\/kombinirani-izleti-sa-ustedom\/modra-spilja-i-razgled-grada-splita\/#breadcrumb"},"inLanguage":"hr","potentialAction":[{"@type":"ReadAction","target":["https:\/\/www.sugamantours.com\/hr\/kombinirani-izleti-sa-ustedom\/modra-spilja-i-razgled-grada-splita\/"]}]},{"@type":"BreadcrumbList","@id":"https:\/\/www.sugamantours.com\/hr\/kombinirani-izleti-sa-ustedom\/modra-spilja-i-razgled-grada-splita\/#breadcrumb","itemListElement":[{"@type":"ListItem","position":1,"name":"Home","item":"https:\/\/www.sugamantours.com\/hr\/"},{"@type":"ListItem","position":2,"name":"Kombinirani izleti sa u\u0161tedom","item":"https:\/\/www.sugamantours.com\/hr\/kombinirani-izleti-sa-ustedom\/"},{"@type":"ListItem","position":3,"name":"Modra \u0161pilja i razgled grada Splita"}]}]}},"_links":{"self":[{"href":"https:\/\/www.sugamantours.com\/hr\/wp-json\/wp\/v2\/pages\/15665"}],"collection":[{"href":"https:\/\/www.sugamantours.com\/hr\/wp-json\/wp\/v2\/pages"}],"about":[{"href":"https:\/\/www.sugamantours.com\/hr\/wp-json\/wp\/v2\/types\/page"}],"author":[{"embeddable":true,"href":"https:\/\/www.sugamantours.com\/hr\/wp-json\/wp\/v2\/users\/1"}],"replies":[{"embeddable":true,"href":"https:\/\/www.sugamantours.com\/hr\/wp-json\/wp\/v2\/comments?post=15665"}],"version-history":[{"count":6,"href":"https:\/\/www.sugamantours.com\/hr\/wp-json\/wp\/v2\/pages\/15665\/revisions"}],"predecessor-version":[{"id":15964,"href":"https:\/\/www.sugamantours.com\/hr\/wp-json\/wp\/v2\/pages\/15665\/revisions\/15964"}],"up":[{"embeddable":true,"href":"https:\/\/www.sugamantours.com\/hr\/wp-json\/wp\/v2\/pages\/15561"}],"wp:attachment":[{"href":"https:\/\/www.sugamantours.com\/hr\/wp-json\/wp\/v2\/media?parent=15665"}],"curies":[{"name":"wp","href":"https:\/\/api.w.org\/{rel}","templated":true}]}}