{"id":15706,"date":"2022-05-07T07:17:14","date_gmt":"2022-05-07T07:17:14","guid":{"rendered":"https:\/\/www.sugamantours.com\/?page_id=15706"},"modified":"2024-02-03T07:55:39","modified_gmt":"2024-02-03T07:55:39","slug":"modra-spilja-slapovi-krke-razgled-grada-splita","status":"publish","type":"page","link":"https:\/\/www.sugamantours.com\/hr\/kombinirani-izleti-sa-ustedom\/modra-spilja-slapovi-krke-razgled-grada-splita\/","title":{"rendered":"Modra \u0161pilja \u2013 Slapovi Krke \u2013 Razgled grada Splita"},"content":{"rendered":"[vc_row css=&#8221;.vc_custom_1554377199428{margin-bottom: -20px !important;}&#8221;][vc_column][vc_column_text]\n<h3>\u20ac 175 po osobi \/ Modra \u0161pilja \u2013 Slapovi Krke \u2013 Razgled grada Splita<\/h3>\n<h5 style=\"color: #00ccff; margin-top: -20px;\">SUPER KOMBINIRANE TURE S U\u0160TEDOM\u2013 U\u0160TEDI \u20ac 5<\/h5>\n[\/vc_column_text][vc_separator color=&#8221;mulled_wine&#8221; style=&#8221;dashed&#8221; css=&#8221;.vc_custom_1576151896748{margin-top: -10px !important;}&#8221;][\/vc_column][\/vc_row][vc_row css=&#8221;.vc_custom_1576151907042{margin-bottom: 0px !important;}&#8221;][vc_column][vc_column_text]\n<h2>Saznajte vi\u0161e o izletu<\/h2>\n<p>Ako poku\u0161avate maksimalno iskoristiti svoj odmor u Hrvatskoj i nadate se da \u0107ete ukomponirati \u0161to vi\u0161e mo\u017eete, svidjet \u0107e vam se ono \u0161to nudimo. Na ovoj turi istra\u017eite slapove Nacionalnog parka Krka, svjedo\u010dite o\u010daravaju\u0107oj Modroj \u0161pilji i lutajte drevnim ulicama Splita, grada pod za\u0161titom UNESCO-a uz stru\u010dnog vodi\u010da.<\/p>\n<h5>OPCIJE REZERVACIJE<\/h5>\n<p><u>Ova rezervacija je na zahtjev. Na\u0161 tim \u0107e vas uskoro kontaktirati kako bismo potvrdili rezervaciju.<\/u>[\/vc_column_text][\/vc_column][\/vc_row][vc_row][vc_column][vc_column_text]\n<hr \/>\n[\/vc_column_text][\/vc_column][\/vc_row][vc_row css=&#8221;.vc_custom_1576152614678{margin-top: -24px !important;margin-right: 8px !important;margin-left: 8px !important;}&#8221;][vc_column][vc_row_inner equal_height=&#8221;yes&#8221;][vc_column_inner width=&#8221;1\/2&#8243; css=&#8221;.vc_custom_1576151984858{border-right-width: 1px !important;background-color: #efefef !important;border-right-color: #000000 !important;border-right-style: dashed !important;border-radius: 1px !important;}&#8221;][vc_column_text]\n<h1 style=\"color: #1e73be; text-align: center; margin-bottom: 6px; font-size: 1.6em; line-height: 1.2em;\"><span style=\"color: #000000;\">Modra \u0161pilja \u2013 Slapovi Krke \u2013 Razgled grada Splita<\/span><\/h1>\n<h5 style=\"text-align: center; color: #1e73be;\">&#8211; U\u0160TEDI \u20ac 5 &#8211;<\/h5>\n<h2 style=\"text-align: center; margin-bottom: 16px; margin-top: 16px; color: #f1c40f;\"><span style=\"color: #1e73be; font-size: 1.4em;\">\u20ac 175<\/span><\/h2>\n<div align=\"center\">\n<div class=\"su-button-center\"><a href=\"https:\/\/www.sugamantours.com\/booking-calendars\/super-combo-booking-calendar-blue-cave-krka-split-walking-tour\/\" class=\"su-button su-button-style-default\" style=\"color:#FFFFFF;background-color:#00ccff;border-color:#00a4cc;border-radius:0px;-moz-border-radius:0px;-webkit-border-radius:0px\" target=\"_blank\" rel=\"noopener noreferrer\"><span style=\"color:#FFFFFF;padding:0px 22px;font-size:17px;line-height:34px;border-color:#4ddcff;border-radius:0px;-moz-border-radius:0px;-webkit-border-radius:0px;text-shadow:none;-moz-text-shadow:none;-webkit-text-shadow:none\"> REZERVIRAJTE SADA<\/span><\/a><\/div>\n<\/div>\n[\/vc_column_text][\/vc_column_inner][vc_column_inner width=&#8221;1\/2&#8243; css=&#8221;.vc_custom_1576151991478{background-color: #efefef !important;}&#8221;][vc_column_text]\n<div align=\"center\">\n<h1 style=\"color: #1e73be; text-align: center; margin-bottom: 6px; font-size: 1.6em; line-height: 1.2em;\"><span style=\"color: #000000;\">KONTAKT<\/span><\/h1>\n<p style=\"margin-bottom: -8px;\"><i class=\"fa fa-phone\" style=\"font-size: 14px; margin-right: 10px;\"><\/i> <span style=\"color: #000000; font-family: Arial, Helvetica, sans-serif;\"><strong>NESPLATNI BROJ:<\/strong><\/span> <a href=\"tel:+1-213-808-6022\"><span style=\"color: #1e73be;\">+1 (213) 808-6022<\/span><\/a><\/p>\n<p style=\"margin-bottom: -8px;\"><i class=\"fa fa-mobile\" style=\"font-size: 18px; margin-right: 14px;\"><\/i> <span style=\"color: #000000; font-family: Arial, Helvetica, sans-serif;\"><strong>MOBITEL:<\/strong><\/span> <a href=\"tel:+385916443333\"><span style=\"color: #1e73be;\">+385 91 644-3333<\/span><\/a><\/p>\n<p style=\"margin-bottom: -8px;\"><i class=\"fa fa-whatsapp\" style=\"font-size: 14px; margin-right: 10px;\"><\/i> <span style=\"color: #000000; font-family: Arial, Helvetica, sans-serif;\"><strong>WHATSAPP:<\/strong><\/span> <a href=\"https:\/\/api.whatsapp.com\/send?phone=385916443333\" target=\"_blank\" rel=\"noopener noreferrer\"><span style=\"color: #1e73be;\">+385 91 644-3333<\/span><\/a><\/p>\n<p style=\"margin-bottom: -8px;\"><i class=\"fa fa-envelope-o\" style=\"font-size: 14px; margin-right: 10px;\"><\/i> <span style=\"color: #000000; font-family: Arial, Helvetica, sans-serif;\"><strong>EMAIL:<\/strong><\/span> <a href=\"mailto:office@sugamantours.com?subject=Blue%20Cave%20Tour\" target=\"_blank\" rel=\"noopener noreferrer\"><span style=\"color: #1e73be;\">office@sugamantours.com<\/span><\/a><\/p>\n<p><span style=\"color: #000000; font-family: Arial, Helvetica, sans-serif;\"><strong>ADRESA:<\/strong><\/span><span style=\"color: #1e73be;\"> <a style=\"color: #1e73be;\" href=\"https:\/\/www.google.com\/maps\/dir\/\/43.508173,16.439102\/@43.507905,16.439048,17z?hl=en-US\" target=\"_blank\" rel=\"noopener noreferrer\">Obala Lazareta 3, 21000 Split<\/a><\/span><\/p>\n<\/div>\n[\/vc_column_text][\/vc_column_inner][\/vc_row_inner][\/vc_column][\/vc_row][vc_row css=&#8221;.vc_custom_1576152597851{margin-top: -20px !important;}&#8221;][vc_column][vc_column_text]\n<hr \/>\n[\/vc_column_text][\/vc_column][\/vc_row][vc_row css=&#8221;.vc_custom_1554887212470{padding-right: 12px !important;padding-left: 12px !important;}&#8221;][vc_column width=&#8221;1\/3&#8243; css=&#8221;.vc_custom_1554887239116{margin-right: 0px !important;margin-left: 0px !important;padding-right: 4px !important;padding-left: 4px !important;}&#8221;][vc_gallery interval=&#8221;0&#8243; images=&#8221;4062,3209,4312,4080,4317,4078,4605,4315,4123,4133,3260,4148,4150,3195&#8243; img_size=&#8221;560&#215;300&#8243;][\/vc_column][vc_column width=&#8221;1\/3&#8243; css=&#8221;.vc_custom_1554887247747{margin-right: 0px !important;margin-left: 0px !important;padding-right: 4px !important;padding-left: 4px !important;}&#8221;][vc_gallery interval=&#8221;0&#8243; images=&#8221;4805,6314,6322,6311,6303,6329,6299,6332,6156,5586,4203,4201&#8243; img_size=&#8221;560&#215;300&#8243;][\/vc_column][vc_column width=&#8221;1\/3&#8243; css=&#8221;.vc_custom_1554887255762{margin-right: 0px !important;margin-left: 0px !important;padding-right: 4px !important;padding-left: 4px !important;}&#8221;][vc_gallery interval=&#8221;0&#8243; images=&#8221;6353,6356,6355,6354,6351,6347,6423&#8243; img_size=&#8221;560&#215;300&#8243;][\/vc_column][\/vc_row][vc_row][vc_column width=&#8221;1\/3&#8243; css=&#8221;.vc_custom_1554888108255{margin-top: 0px !important;}&#8221;][vc_column_text]\n<h2 style=\"text-align: center;\">Modra \u0161pilja i razgled Hvara<\/h2>\n<h6 style=\"text-align: center; color: #8c0000;\">Cijena ulaznice: 940 kn<\/h6>\n<p style=\"text-align: center; text-transform: uppercase;\"><a href=\"https:\/\/www.sugamantours.com\/hr\/morski-izleti\/modra-spilja-hvar\/\" target=\"_blank\" rel=\"noopener noreferrer\"><span style=\"color: #ffffff; padding: 6px 16px; background: #00ccff;\"><strong>Pogledajte obilazak<\/strong><\/span><\/a><\/p>\n<p>Otkrijte o\u010daravaju\u0107u Modru \u0161pilju prije nego istra\u017eite i nagra\u0111ivani zaljev Stiniva. Zaronite u raj za ronioce na otoku Budikovcu prije nego \u0161to se uputite u \u010darobnu uvalu Palmi\u017eana. Ova tura zavr\u0161ava \u0161etnjom po drevnim ulicama grada Hvara prije povratka gliserom za Split.[\/vc_column_text][vc_single_image image=&#8221;6204&#8243; img_size=&#8221;560&#215;260&#8243; onclick=&#8221;link_image&#8221;][vc_column_text css=&#8221;.vc_custom_1651907448010{margin-top: -10px !important;}&#8221;]\n<h5 style=\"text-align: center;\">Korisni savjeti<\/h5>\n<p>Vodootporne\/vjetrootporne jakne su osigurane na brodu, ali preporu\u010dujemo udobnu obu\u0107u i le\u017eernu odje\u0107u. Budu\u0107i da \u0107ete dan provesti na moru, krema za sun\u010danje, kapa i sun\u010dane nao\u010dale bit \u0107e vam najbolji prijatelj!<\/p>\n<h5 style=\"text-align: center;\">\u0160to ponijeti sa sobom<\/h5>\n<p>Neka vam fotoaparat bude pri ruci, iako bi bilo pametno dr\u017eati ga u vodootpornom ku\u0107i\u0161tu i nositi punja\u010d! Iako cipele za vodu nisu obavezne, kupa\u0107i kostim i ru\u010dnik su obavezni &#8211; ovdje ne\u0107ete propustiti priliku za kupanje.[\/vc_column_text][\/vc_column][vc_column width=&#8221;1\/3&#8243; css=&#8221;.vc_custom_1576152023632{margin-top: -22px !important;border-right-width: 1px !important;border-left-width: 1px !important;background-color: #efefef !important;border-left-color: #cccccc !important;border-left-style: solid !important;border-right-color: #cccccc !important;border-right-style: solid !important;}&#8221;][vc_column_text]\n<h2 style=\"text-align: center;\">Slapovi Krke i obilazak Trogira<\/h2>\n<h6 style=\"text-align: center; color: #8c0000;\">Cijena ulaznice: 300kn<\/h6>\n<p style=\"text-align: center;\"><a href=\"https:\/\/www.sugamantours.com\/hr\/kopneni-izleti\/nacionalni-park-krka\/\" target=\"_blank\" rel=\"noopener noreferrer\"><span style=\"color: #ffffff; text-transform: uppercase; padding: 6px 16px; background: #00ccff;\"><strong>Saznajte vi\u0161e o izletu<\/strong><\/span><\/a><\/p>\n<p>Zapo\u010dnite otkrivanjem \u010darolije starog grada Trogira, jednog od hrvatskih cijenjenih mjesta svjetske ba\u0161tine UNESCO-a, gdje \u0107ete krstariti njegovim drevnim uli\u010dicama i diviti se njegovoj upe\u010datljivoj arhitekturi. Nakon \u0161to upijete malo povijesti, u\u0107i \u0107ete u zadivljuju\u0107i svijet prirode Nacionalnog parka Krka.[\/vc_column_text][vc_single_image image=&#8221;6191&#8243; img_size=&#8221;560&#215;260&#8243; onclick=&#8221;link_image&#8221;][vc_column_text css=&#8221;.vc_custom_1651907532850{margin-top: -10px !important;}&#8221;]\n<h5 style=\"text-align: center;\">Korisni savjeti<\/h5>\n<p>Dopustite da vas drvene staze vode kroz ovo jedinstveno prirodno \u010dudo &#8211; ali svakako nosite udobne cipele kako biste u njemu mogli u\u017eivati \u200b\u200bu potpunosti. Ako idete na turneju ljeti, imajte pri ruci kremu sa za\u0161titnim faktorom, \u0161e\u0161ir i sun\u010dane nao\u010dale.<\/p>\n<h5 style=\"text-align: center;\">\u0160to ponijeti sa sobom<\/h5>\n<p>Budu\u0107i da je vrhunac Krke svakako slap Skradinski buk, do\u0111ite pripremljeni s kupa\u0107im kostimom, ru\u010dnikom i cipelama za vodu. Boca vode za osvje\u017eenje od ve\u0107 osvje\u017eavaju\u0107e vode pametan je potez za odr\u017eavanje hidratacije.[\/vc_column_text][\/vc_column][vc_column width=&#8221;1\/3&#8243; css=&#8221;.vc_custom_1554888119460{margin-top: 0px !important;}&#8221;][vc_column_text]\n<h2 style=\"text-align: center;\">Razgled grada Splita<\/h2>\n<h6 style=\"text-align: center; color: #8c0000;\">Cijena ulaznice: 100kn<\/h6>\n<p style=\"text-align: center;\"><a href=\"https:\/\/www.sugamantours.com\/split-walking-tour\/\" target=\"_blank\" rel=\"noopener noreferrer\"><span style=\"color: #ffffff; text-transform: uppercase; padding: 6px 16px; background: #00ccff;\"><strong>Saznajte vi\u0161e o izletu<\/strong><\/span><\/a><\/p>\n<p>Na\u0161 lokalni vodi\u010d otkrit \u0107e vam tajne koje se kriju u jo\u0161 jednom UNESCO-vom dragulju \u2013 1700 godina staroj Dioklecijanovoj pala\u010di. Otkrijte za\u0161to je stari grad srce ovog uspje\u0161nog grada dok vas na\u0161 obilazak grada s vodi\u010dem vodi do mjesta koja morate vidjeti unutar pala\u010de, otkrivaju\u0107i sve njegove pri\u010de iz pro\u0161losti.[\/vc_column_text][vc_single_image image=&#8221;6349&#8243; img_size=&#8221;560&#215;260&#8243; onclick=&#8221;link_image&#8221;][vc_column_text css=&#8221;.vc_custom_1651907620594{margin-top: -10px !important;}&#8221;]\n<h5 style=\"text-align: center;\">Korisni savjeti<\/h5>\n<p>Na ovoj turneji \u0107emo malo pro\u0161etati, tako da bi vam prioritet trebali biti par udobnih cipela i prozra\u010dna odje\u0107a. A ako ste osjetljivi na sunce, nemojte se bojati navu\u0107i sun\u010dane nao\u010dale kao \u0161to to \u010dine Spli\u0107ani!<\/p>\n<h5 style=\"text-align: center;\">\u0160to ponijeti sa sobom<\/h5>\n<p>Budu\u0107i da \u0107ete morati uta\u017eiti \u017ee\u0111 u ovim vru\u0107im ljetnim danima, dr\u017eite bocu hladne vode blizu. Tako\u0111er preporu\u010dujemo no\u0161enje \u0161e\u0161ira i kori\u0161tenje kreme sa za\u0161titnim faktorom kako bismo osigurali da vam obilazak bude \u0161to udobniji.[\/vc_column_text][\/vc_column][\/vc_row]\n<div style=\"padding-bottom:20px; padding-top:10px;\" class=\"hupso-share-buttons\"><!-- Hupso Share Buttons - https:\/\/www.hupso.com\/share\/ --><a class=\"hupso_toolbar\" href=\"https:\/\/www.hupso.com\/share\/\"><img src=\"https:\/\/static.hupso.com\/share\/buttons\/dot.png\" style=\"border:0px; padding-top: 5px; float:left;\" alt=\"Share Button\"\/><\/a><script type=\"text\/javascript\">var hupso_services_t=new Array(\"Twitter\",\"Facebook\",\"Google Plus\",\"Pinterest\");var hupso_background_t=\"#EAF4FF\";var hupso_border_t=\"#66CCFF\";var hupso_toolbar_size_t=\"medium\";var hupso_image_folder_url = \"\";var hupso_twitter_via=\"SugamanTours\";var hupso_url_t=\"\";var hupso_title_t=\"Modra%20%C5%A1pilja%20%E2%80%93%20Slapovi%20Krke%20%E2%80%93%20Razgled%20grada%20Splita\";<\/script><script type=\"text\/javascript\" src=\"https:\/\/static.hupso.com\/share\/js\/share_toolbar.js\"><\/script><!-- Hupso Share Buttons --><\/div>","protected":false},"excerpt":{"rendered":"<p>[vc_row css=&#8221;.vc_custom_1554377199428{margin-bottom: -20px !important;}&#8221;][vc_column][vc_column_text] \u20ac 175 po osobi \/ Modra \u0161pilja \u2013 Slapovi Krke \u2013 Razgled grada Splita SUPER KOMBINIRANE TURE S U\u0160TEDOM\u2013 U\u0160TEDI \u20ac 5 [\/vc_column_text][vc_separator color=&#8221;mulled_wine&#8221; style=&#8221;dashed&#8221; css=&#8221;.vc_custom_1576151896748{margin-top: -10px !important;}&#8221;][\/vc_column][\/vc_row][vc_row css=&#8221;.vc_custom_1576151907042{margin-bottom: 0px !important;}&#8221;][vc_column][vc_column_text] Saznajte vi\u0161e o izletu Ako poku\u0161avate maksimalno iskoristiti svoj odmor u Hrvatskoj i nadate se da \u0107ete ukomponirati \u0161to vi\u0161e&#8230;<\/p>\n","protected":false},"author":1,"featured_media":0,"parent":15561,"menu_order":0,"comment_status":"closed","ping_status":"closed","template":"template-fullwidth-with-sidebar.php","meta":[],"acf":[],"yoast_head":"<!-- This site is optimized with the Yoast SEO plugin v18.5.1 - https:\/\/yoast.com\/wordpress\/plugins\/seo\/ -->\n<title>Modra \u0161pilja \u2013 Slapovi Krke \u2013 Razgled grada Splita - Sugaman Tours<\/title>\n<meta name=\"robots\" content=\"index, follow, max-snippet:-1, max-image-preview:large, max-video-preview:-1\" \/>\n<link rel=\"canonical\" href=\"https:\/\/www.sugamantours.com\/hr\/kombinirani-izleti-sa-ustedom\/modra-spilja-slapovi-krke-razgled-grada-splita\/\" \/>\n<meta property=\"og:locale\" content=\"hr_HR\" \/>\n<meta property=\"og:type\" content=\"article\" \/>\n<meta property=\"og:title\" content=\"Modra \u0161pilja \u2013 Slapovi Krke \u2013 Razgled grada Splita - Sugaman Tours\" \/>\n<meta property=\"og:description\" content=\"[vc_row css=&#8221;.vc_custom_1554377199428{margin-bottom: -20px !important;}&#8221;][vc_column][vc_column_text] \u20ac 175 po osobi \/ Modra \u0161pilja \u2013 Slapovi Krke \u2013 Razgled grada Splita SUPER KOMBINIRANE TURE S U\u0160TEDOM\u2013 U\u0160TEDI \u20ac 5 [\/vc_column_text][vc_separator color=&#8221;mulled_wine&#8221; style=&#8221;dashed&#8221; css=&#8221;.vc_custom_1576151896748{margin-top: -10px !important;}&#8221;][\/vc_column][\/vc_row][vc_row css=&#8221;.vc_custom_1576151907042{margin-bottom: 0px !important;}&#8221;][vc_column][vc_column_text] Saznajte vi\u0161e o izletu Ako poku\u0161avate maksimalno iskoristiti svoj odmor u Hrvatskoj i nadate se da \u0107ete ukomponirati \u0161to vi\u0161e...\" \/>\n<meta property=\"og:url\" content=\"https:\/\/www.sugamantours.com\/hr\/kombinirani-izleti-sa-ustedom\/modra-spilja-slapovi-krke-razgled-grada-splita\/\" \/>\n<meta property=\"og:site_name\" content=\"Sugaman Tours\" \/>\n<meta property=\"article:publisher\" content=\"https:\/\/www.facebook.com\/pages\/Sugaman-Tours\/120200128150707\" \/>\n<meta property=\"article:modified_time\" content=\"2024-02-03T07:55:39+00:00\" \/>\n<meta name=\"twitter:card\" content=\"summary\" \/>\n<meta name=\"twitter:site\" content=\"@SugamanTours\" \/>\n<meta name=\"twitter:label1\" content=\"Procijenjeno vrijeme \u010ditanja\" \/>\n\t<meta name=\"twitter:data1\" content=\"3 minute\" \/>\n<script type=\"application\/ld+json\" class=\"yoast-schema-graph\">{\"@context\":\"https:\/\/schema.org\",\"@graph\":[{\"@type\":\"Organization\",\"@id\":\"https:\/\/www.sugamantours.com\/#organization\",\"name\":\"Sugaman Tours\",\"url\":\"https:\/\/www.sugamantours.com\/\",\"sameAs\":[\"https:\/\/www.facebook.com\/pages\/Sugaman-Tours\/120200128150707\",\"http:\/\/instagram.com\/sugaman.tours\",\"https:\/\/www.youtube.com\/channel\/UC_PikWYg8jMLdhlG8ykTxkg\",\"https:\/\/www.pinterest.com\/sugamantours\/\",\"https:\/\/twitter.com\/SugamanTours\"],\"logo\":{\"@type\":\"ImageObject\",\"@id\":\"https:\/\/www.sugamantours.com\/#logo\",\"inLanguage\":\"hr\",\"url\":\"https:\/\/www.sugamantours.com\/wp-content\/uploads\/2014\/10\/stours-logo-web-dark.png\",\"contentUrl\":\"https:\/\/www.sugamantours.com\/wp-content\/uploads\/2014\/10\/stours-logo-web-dark.png\",\"width\":179,\"height\":60,\"caption\":\"Sugaman Tours\"},\"image\":{\"@id\":\"https:\/\/www.sugamantours.com\/#logo\"}},{\"@type\":\"WebSite\",\"@id\":\"https:\/\/www.sugamantours.com\/#website\",\"url\":\"https:\/\/www.sugamantours.com\/\",\"name\":\"Sugaman Tours\",\"description\":\"Sea excursions, island tours and speedboat transfers\",\"publisher\":{\"@id\":\"https:\/\/www.sugamantours.com\/#organization\"},\"potentialAction\":[{\"@type\":\"SearchAction\",\"target\":{\"@type\":\"EntryPoint\",\"urlTemplate\":\"https:\/\/www.sugamantours.com\/?s={search_term_string}\"},\"query-input\":\"required name=search_term_string\"}],\"inLanguage\":\"hr\"},{\"@type\":\"WebPage\",\"@id\":\"https:\/\/www.sugamantours.com\/hr\/kombinirani-izleti-sa-ustedom\/modra-spilja-slapovi-krke-razgled-grada-splita\/#webpage\",\"url\":\"https:\/\/www.sugamantours.com\/hr\/kombinirani-izleti-sa-ustedom\/modra-spilja-slapovi-krke-razgled-grada-splita\/\",\"name\":\"Modra \u0161pilja \u2013 Slapovi Krke \u2013 Razgled grada Splita - Sugaman Tours\",\"isPartOf\":{\"@id\":\"https:\/\/www.sugamantours.com\/#website\"},\"datePublished\":\"2022-05-07T07:17:14+00:00\",\"dateModified\":\"2024-02-03T07:55:39+00:00\",\"breadcrumb\":{\"@id\":\"https:\/\/www.sugamantours.com\/hr\/kombinirani-izleti-sa-ustedom\/modra-spilja-slapovi-krke-razgled-grada-splita\/#breadcrumb\"},\"inLanguage\":\"hr\",\"potentialAction\":[{\"@type\":\"ReadAction\",\"target\":[\"https:\/\/www.sugamantours.com\/hr\/kombinirani-izleti-sa-ustedom\/modra-spilja-slapovi-krke-razgled-grada-splita\/\"]}]},{\"@type\":\"BreadcrumbList\",\"@id\":\"https:\/\/www.sugamantours.com\/hr\/kombinirani-izleti-sa-ustedom\/modra-spilja-slapovi-krke-razgled-grada-splita\/#breadcrumb\",\"itemListElement\":[{\"@type\":\"ListItem\",\"position\":1,\"name\":\"Home\",\"item\":\"https:\/\/www.sugamantours.com\/hr\/\"},{\"@type\":\"ListItem\",\"position\":2,\"name\":\"Kombinirani izleti sa u\u0161tedom\",\"item\":\"https:\/\/www.sugamantours.com\/hr\/kombinirani-izleti-sa-ustedom\/\"},{\"@type\":\"ListItem\",\"position\":3,\"name\":\"Modra \u0161pilja \u2013 Slapovi Krke \u2013 Razgled grada Splita\"}]}]}<\/script>\n<!-- \/ Yoast SEO plugin. -->","yoast_head_json":{"title":"Modra \u0161pilja \u2013 Slapovi Krke \u2013 Razgled grada Splita - Sugaman Tours","robots":{"index":"index","follow":"follow","max-snippet":"max-snippet:-1","max-image-preview":"max-image-preview:large","max-video-preview":"max-video-preview:-1"},"canonical":"https:\/\/www.sugamantours.com\/hr\/kombinirani-izleti-sa-ustedom\/modra-spilja-slapovi-krke-razgled-grada-splita\/","og_locale":"hr_HR","og_type":"article","og_title":"Modra \u0161pilja \u2013 Slapovi Krke \u2013 Razgled grada Splita - Sugaman Tours","og_description":"[vc_row css=&#8221;.vc_custom_1554377199428{margin-bottom: -20px !important;}&#8221;][vc_column][vc_column_text] \u20ac 175 po osobi \/ Modra \u0161pilja \u2013 Slapovi Krke \u2013 Razgled grada Splita SUPER KOMBINIRANE TURE S U\u0160TEDOM\u2013 U\u0160TEDI \u20ac 5 [\/vc_column_text][vc_separator color=&#8221;mulled_wine&#8221; style=&#8221;dashed&#8221; css=&#8221;.vc_custom_1576151896748{margin-top: -10px !important;}&#8221;][\/vc_column][\/vc_row][vc_row css=&#8221;.vc_custom_1576151907042{margin-bottom: 0px !important;}&#8221;][vc_column][vc_column_text] Saznajte vi\u0161e o izletu Ako poku\u0161avate maksimalno iskoristiti svoj odmor u Hrvatskoj i nadate se da \u0107ete ukomponirati \u0161to vi\u0161e...","og_url":"https:\/\/www.sugamantours.com\/hr\/kombinirani-izleti-sa-ustedom\/modra-spilja-slapovi-krke-razgled-grada-splita\/","og_site_name":"Sugaman Tours","article_publisher":"https:\/\/www.facebook.com\/pages\/Sugaman-Tours\/120200128150707","article_modified_time":"2024-02-03T07:55:39+00:00","twitter_card":"summary","twitter_site":"@SugamanTours","twitter_misc":{"Procijenjeno vrijeme \u010ditanja":"3 minute"},"schema":{"@context":"https:\/\/schema.org","@graph":[{"@type":"Organization","@id":"https:\/\/www.sugamantours.com\/#organization","name":"Sugaman Tours","url":"https:\/\/www.sugamantours.com\/","sameAs":["https:\/\/www.facebook.com\/pages\/Sugaman-Tours\/120200128150707","http:\/\/instagram.com\/sugaman.tours","https:\/\/www.youtube.com\/channel\/UC_PikWYg8jMLdhlG8ykTxkg","https:\/\/www.pinterest.com\/sugamantours\/","https:\/\/twitter.com\/SugamanTours"],"logo":{"@type":"ImageObject","@id":"https:\/\/www.sugamantours.com\/#logo","inLanguage":"hr","url":"https:\/\/www.sugamantours.com\/wp-content\/uploads\/2014\/10\/stours-logo-web-dark.png","contentUrl":"https:\/\/www.sugamantours.com\/wp-content\/uploads\/2014\/10\/stours-logo-web-dark.png","width":179,"height":60,"caption":"Sugaman Tours"},"image":{"@id":"https:\/\/www.sugamantours.com\/#logo"}},{"@type":"WebSite","@id":"https:\/\/www.sugamantours.com\/#website","url":"https:\/\/www.sugamantours.com\/","name":"Sugaman Tours","description":"Sea excursions, island tours and speedboat transfers","publisher":{"@id":"https:\/\/www.sugamantours.com\/#organization"},"potentialAction":[{"@type":"SearchAction","target":{"@type":"EntryPoint","urlTemplate":"https:\/\/www.sugamantours.com\/?s={search_term_string}"},"query-input":"required name=search_term_string"}],"inLanguage":"hr"},{"@type":"WebPage","@id":"https:\/\/www.sugamantours.com\/hr\/kombinirani-izleti-sa-ustedom\/modra-spilja-slapovi-krke-razgled-grada-splita\/#webpage","url":"https:\/\/www.sugamantours.com\/hr\/kombinirani-izleti-sa-ustedom\/modra-spilja-slapovi-krke-razgled-grada-splita\/","name":"Modra \u0161pilja \u2013 Slapovi Krke \u2013 Razgled grada Splita - Sugaman Tours","isPartOf":{"@id":"https:\/\/www.sugamantours.com\/#website"},"datePublished":"2022-05-07T07:17:14+00:00","dateModified":"2024-02-03T07:55:39+00:00","breadcrumb":{"@id":"https:\/\/www.sugamantours.com\/hr\/kombinirani-izleti-sa-ustedom\/modra-spilja-slapovi-krke-razgled-grada-splita\/#breadcrumb"},"inLanguage":"hr","potentialAction":[{"@type":"ReadAction","target":["https:\/\/www.sugamantours.com\/hr\/kombinirani-izleti-sa-ustedom\/modra-spilja-slapovi-krke-razgled-grada-splita\/"]}]},{"@type":"BreadcrumbList","@id":"https:\/\/www.sugamantours.com\/hr\/kombinirani-izleti-sa-ustedom\/modra-spilja-slapovi-krke-razgled-grada-splita\/#breadcrumb","itemListElement":[{"@type":"ListItem","position":1,"name":"Home","item":"https:\/\/www.sugamantours.com\/hr\/"},{"@type":"ListItem","position":2,"name":"Kombinirani izleti sa u\u0161tedom","item":"https:\/\/www.sugamantours.com\/hr\/kombinirani-izleti-sa-ustedom\/"},{"@type":"ListItem","position":3,"name":"Modra \u0161pilja \u2013 Slapovi Krke \u2013 Razgled grada Splita"}]}]}},"_links":{"self":[{"href":"https:\/\/www.sugamantours.com\/hr\/wp-json\/wp\/v2\/pages\/15706"}],"collection":[{"href":"https:\/\/www.sugamantours.com\/hr\/wp-json\/wp\/v2\/pages"}],"about":[{"href":"https:\/\/www.sugamantours.com\/hr\/wp-json\/wp\/v2\/types\/page"}],"author":[{"embeddable":true,"href":"https:\/\/www.sugamantours.com\/hr\/wp-json\/wp\/v2\/users\/1"}],"replies":[{"embeddable":true,"href":"https:\/\/www.sugamantours.com\/hr\/wp-json\/wp\/v2\/comments?post=15706"}],"version-history":[{"count":5,"href":"https:\/\/www.sugamantours.com\/hr\/wp-json\/wp\/v2\/pages\/15706\/revisions"}],"predecessor-version":[{"id":15966,"href":"https:\/\/www.sugamantours.com\/hr\/wp-json\/wp\/v2\/pages\/15706\/revisions\/15966"}],"up":[{"embeddable":true,"href":"https:\/\/www.sugamantours.com\/hr\/wp-json\/wp\/v2\/pages\/15561"}],"wp:attachment":[{"href":"https:\/\/www.sugamantours.com\/hr\/wp-json\/wp\/v2\/media?parent=15706"}],"curies":[{"name":"wp","href":"https:\/\/api.w.org\/{rel}","templated":true}]}}